{"id":3702,"date":"2015-04-16T09:38:53","date_gmt":"2015-04-16T08:38:53","guid":{"rendered":"https:\/\/www.schoonderwoerdvlees.nl\/de\/partners\/canterbury"},"modified":"2025-03-12T18:03:44","modified_gmt":"2025-03-12T17:03:44","slug":"davmet","status":"publish","type":"page","link":"https:\/\/www.schoonderwoerdvlees.nl\/de\/partners\/davmet\/","title":{"rendered":"Davmet DE"},"content":{"rendered":"<p>[et_pb_section fb_built=&#8220;1&#8243; _builder_version=&#8220;4.27.3&#8243; _module_preset=&#8220;default&#8220; background_image=&#8220;https:\/\/www.schoonderwoerdvlees.nl\/wp-content\/uploads\/2015\/05\/herkomst.jpg&#8220; da_disable_devices=&#8220;off|off|off&#8220; global_colors_info=&#8220;{}&#8220; theme_builder_area=&#8220;post_content&#8220; da_is_popup=&#8220;off&#8220; da_exit_intent=&#8220;off&#8220; da_has_close=&#8220;on&#8220; da_alt_close=&#8220;off&#8220; da_dark_close=&#8220;off&#8220; da_not_modal=&#8220;on&#8220; da_is_singular=&#8220;off&#8220; da_with_loader=&#8220;off&#8220; da_has_shadow=&#8220;on&#8220;][et_pb_row _builder_version=&#8220;4.27.3&#8243; _module_preset=&#8220;default&#8220; global_colors_info=&#8220;{}&#8220; theme_builder_area=&#8220;post_content&#8220;][et_pb_column type=&#8220;4_4&#8243; _builder_version=&#8220;4.27.3&#8243; _module_preset=&#8220;default&#8220; global_colors_info=&#8220;{}&#8220; theme_builder_area=&#8220;post_content&#8220;][et_pb_image src=&#8220;https:\/\/www.schoonderwoerdvlees.nl\/wp-content\/uploads\/2025\/03\/Davmet-logo.png&#8220; title_text=&#8220;Davmet-logo&#8220; align=&#8220;center&#8220; _builder_version=&#8220;4.27.3&#8243; _module_preset=&#8220;default&#8220; width=&#8220;30%&#8220; width_tablet=&#8220;30%&#8220; width_phone=&#8220;65%&#8220; width_last_edited=&#8220;on|phone&#8220; global_colors_info=&#8220;{}&#8220; theme_builder_area=&#8220;post_content&#8220;][\/et_pb_image][\/et_pb_column][\/et_pb_row][\/et_pb_section][et_pb_section fb_built=&#8220;1&#8243; _builder_version=&#8220;4.27.3&#8243; _module_preset=&#8220;default&#8220; background_color=&#8220;gcid-b5250c50-d713-44b2-8431-4377faace838&#8243; custom_padding=&#8220;30px||||false|false&#8220; da_disable_devices=&#8220;off|off|off&#8220; global_colors_info=&#8220;{%22gcid-b5250c50-d713-44b2-8431-4377faace838%22:%91%22background_color%22%93}&#8220; theme_builder_area=&#8220;post_content&#8220; da_is_popup=&#8220;off&#8220; da_exit_intent=&#8220;off&#8220; da_has_close=&#8220;on&#8220; da_alt_close=&#8220;off&#8220; da_dark_close=&#8220;off&#8220; da_not_modal=&#8220;on&#8220; da_is_singular=&#8220;off&#8220; da_with_loader=&#8220;off&#8220; da_has_shadow=&#8220;on&#8220;][et_pb_row custom_padding_last_edited=&#8220;on|phone&#8220; _builder_version=&#8220;4.27.3&#8243; _module_preset=&#8220;default&#8220; custom_padding=&#8220;||0px||false|false&#8220; custom_padding_tablet=&#8220;||0px||false|false&#8220; custom_padding_phone=&#8220;0px||0px||false|false&#8220; global_colors_info=&#8220;{}&#8220; theme_builder_area=&#8220;post_content&#8220;][et_pb_column type=&#8220;4_4&#8243; _builder_version=&#8220;4.27.3&#8243; _module_preset=&#8220;default&#8220; global_colors_info=&#8220;{}&#8220; theme_builder_area=&#8220;post_content&#8220;][et_pb_text _builder_version=&#8220;4.27.3&#8243; _module_preset=&#8220;default&#8220; header_2_text_align=&#8220;left&#8220; header_2_text_color=&#8220;gcid-7416f048-037c-4786-b1bd-2f55aefae895&#8243; header_2_font_size=&#8220;36px&#8220; header_2_line_height=&#8220;1.2em&#8220; custom_margin=&#8220;||13px|||&#8220; custom_padding_tablet=&#8220;&#8220; custom_padding_phone=&#8220;20px||||false|false&#8220; custom_padding_last_edited=&#8220;on|phone&#8220; hover_enabled=&#8220;0&#8243; header_2_font_size_tablet=&#8220;36px&#8220; header_2_font_size_phone=&#8220;30px&#8220; header_2_font_size_last_edited=&#8220;on|phone&#8220; global_colors_info=&#8220;{%22gcid-7416f048-037c-4786-b1bd-2f55aefae895%22:%91%22header_2_text_color%22%93}&#8220; theme_builder_area=&#8220;post_content&#8220; sticky_enabled=&#8220;0&#8243;]<\/p>\n<h2>Davmet, unverfa\u0308lschtes Neuseeland-Lamm, grasgefu\u0308ttert<\/h2>\n<p>[\/et_pb_text][\/et_pb_column][\/et_pb_row][et_pb_row column_structure=&#8220;1_2,1_2&#8243; _builder_version=&#8220;4.27.3&#8243; _module_preset=&#8220;default&#8220; custom_padding=&#8220;10px||||false|false&#8220; global_colors_info=&#8220;{}&#8220; theme_builder_area=&#8220;post_content&#8220;][et_pb_column type=&#8220;1_2&#8243; _builder_version=&#8220;4.27.3&#8243; _module_preset=&#8220;default&#8220; global_colors_info=&#8220;{}&#8220; theme_builder_area=&#8220;post_content&#8220;][et_pb_text _builder_version=&#8220;4.27.3&#8243; _module_preset=&#8220;default&#8220; link_text_color=&#8220;gcid-7416f048-037c-4786-b1bd-2f55aefae895&#8243; hover_enabled=&#8220;0&#8243; global_colors_info=&#8220;{%22gcid-7416f048-037c-4786-b1bd-2f55aefae895%22:%91%22link_text_color%22%93}&#8220; theme_builder_area=&#8220;post_content&#8220; sticky_enabled=&#8220;0&#8243;]Neuseeland ist seit mehr als 100 Jahren die Heimat der besten Landwirtschaft der Welt. Fruchtbare Ebenen, ein gem\u00e4\u00dfigtes Klima und Generationen von engagierten Landwirten machen die Region zu einer Quelle nat\u00fcrlicher Nahrung.<\/p>\n<p>Davmet-Lamm ist die nat\u00fcrliche Erf\u00fcllung eines Versprechens, das mit den taufeuchten, weiten Wiesen Neuseelands beginnt und mit einem durchweg k\u00f6stlichen St\u00fcck Fleisch mit einem zuverl\u00e4ssigen und ehrlichen Speiseerlebnis endet.[\/et_pb_text][\/et_pb_column][et_pb_column type=&#8220;1_2&#8243; _builder_version=&#8220;4.27.3&#8243; _module_preset=&#8220;default&#8220; global_colors_info=&#8220;{}&#8220; theme_builder_area=&#8220;post_content&#8220;][et_pb_text _builder_version=&#8220;4.27.3&#8243; _module_preset=&#8220;default&#8220; link_text_color=&#8220;gcid-7416f048-037c-4786-b1bd-2f55aefae895&#8243; hover_enabled=&#8220;0&#8243; global_colors_info=&#8220;{%22gcid-7416f048-037c-4786-b1bd-2f55aefae895%22:%91%22link_text_color%22%93}&#8220; theme_builder_area=&#8220;post_content&#8220; sticky_enabled=&#8220;0&#8243;]Die L\u00e4mmer werden traditionell gehalten, grasen in Freilandhaltung, wachsen und leben nat\u00fcrlich. Dies gew\u00e4hrleistet eine gleichbleibende Qualit\u00e4t. Das Fleisch ist das ganze Jahr \u00fcber erh\u00e4ltlich. Das Fleisch erf\u00fcllt die EU-Anforderungen an Lebensmittelsicherheit und R\u00fcckverfolgbarkeit.<\/p>\n<p><b>Davmet: Reines neuseel\u00e4ndisches Gras gef\u00fcttertes Lammfleisch:<\/b><br \/>\n\u2022 Mager und na\u0308hrstoffreich<br \/>\n\u2022 Entha\u0308lt einen hohen Anteil an Vitamin E<br \/>\n\u2022 Natu\u0308rlicher, voller Geschmack, feine Textur<br \/>\n\u2022 Von jeher auf Grasfla\u0308chen gehalten<br \/>\n\u2022 Das ganze Jahr u\u0308ber konsistente Qualita\u0308t[\/et_pb_text][\/et_pb_column][\/et_pb_row][\/et_pb_section][et_pb_section fb_built=&#8220;1&#8243; _builder_version=&#8220;4.27.3&#8243; _module_preset=&#8220;default&#8220; custom_padding=&#8220;30px||||false|false&#8220; da_disable_devices=&#8220;off|off|off&#8220; global_colors_info=&#8220;{}&#8220; global_module=&#8220;34869&#8243; theme_builder_area=&#8220;post_content&#8220; da_is_popup=&#8220;off&#8220; da_exit_intent=&#8220;off&#8220; da_has_close=&#8220;on&#8220; da_alt_close=&#8220;off&#8220; da_dark_close=&#8220;off&#8220; da_not_modal=&#8220;on&#8220; da_is_singular=&#8220;off&#8220; da_with_loader=&#8220;off&#8220; da_has_shadow=&#8220;on&#8220;][et_pb_row custom_padding_last_edited=&#8220;on|phone&#8220; _builder_version=&#8220;4.27.3&#8243; _module_preset=&#8220;default&#8220; max_width=&#8220;100%&#8220; custom_padding_tablet=&#8220;&#8220; custom_padding_phone=&#8220;||0px||false|false&#8220; global_colors_info=&#8220;{}&#8220; theme_builder_area=&#8220;post_content&#8220;][et_pb_column type=&#8220;4_4&#8243; _builder_version=&#8220;4.27.0&#8243; _module_preset=&#8220;default&#8220; global_colors_info=&#8220;{}&#8220; theme_builder_area=&#8220;post_content&#8220;][et_pb_text _builder_version=&#8220;4.27.0&#8243; _module_preset=&#8220;default&#8220; header_font=&#8220;Inter|800|||||||&#8220; header_text_color=&#8220;#FFFFFF&#8220; header_font_size=&#8220;48px&#8220; header_line_height=&#8220;1.2em&#8220; header_2_font=&#8220;Inter|800|||||||&#8220; header_2_text_align=&#8220;center&#8220; header_2_text_color=&#8220;gcid-34f3f4ea-7d86-4254-932b-6f13835475b6&#8243; header_2_font_size=&#8220;45px&#8220; header_2_line_height=&#8220;1.2em&#8220; custom_margin=&#8220;||17px|||&#8220; global_colors_info=&#8220;{%22gcid-34f3f4ea-7d86-4254-932b-6f13835475b6%22:%91%22header_2_text_color%22%93}&#8220; theme_builder_area=&#8220;post_content&#8220;]<\/p>\n<h2>Partners<\/h2>\n<p>[\/et_pb_text][\/et_pb_column][\/et_pb_row][et_pb_row _builder_version=&#8220;4.27.3&#8243; _module_preset=&#8220;default&#8220; max_width=&#8220;100%&#8220; global_colors_info=&#8220;{}&#8220; theme_builder_area=&#8220;post_content&#8220;][et_pb_column type=&#8220;4_4&#8243; _builder_version=&#8220;4.27.0&#8243; _module_preset=&#8220;default&#8220; global_colors_info=&#8220;{}&#8220; theme_builder_area=&#8220;post_content&#8220;][dnxte_logo_carousel_parent dnxt_carousel_loop=&#8220;on&#8220; dnxt_carousel_keyboard_enable=&#8220;off&#8220; dnxt_carousel_mousewheel_enable=&#8220;off&#8220; dnxt_carousel_pagination_type=&#8220;none&#8220; _builder_version=&#8220;4.27.3&#8243; _module_preset=&#8220;default&#8220; global_colors_info=&#8220;{}&#8220; theme_builder_area=&#8220;post_content&#8220;][dnxte_logo_carousel_child logo_carousel_image=&#8220;https:\/\/www.schoonderwoerdvlees.nl\/wp-content\/uploads\/2025\/03\/Alliance-logo.png&#8220; logo_carousel_width=&#8220;60%&#8220; _builder_version=&#8220;4.27.3&#8243; _module_preset=&#8220;default&#8220; link_option_url=&#8220;\/partners\/alliance\/&#8220; global_colors_info=&#8220;{}&#8220; theme_builder_area=&#8220;post_content&#8220;][\/dnxte_logo_carousel_child][dnxte_logo_carousel_child logo_carousel_image=&#8220;https:\/\/www.schoonderwoerdvlees.nl\/wp-content\/uploads\/2025\/03\/Davmet-logo.png&#8220; logo_carousel_width=&#8220;60%&#8220; _builder_version=&#8220;4.27.3&#8243; _module_preset=&#8220;default&#8220; link_option_url=&#8220;\/partners\/davmet\/&#8220; global_colors_info=&#8220;{}&#8220; theme_builder_area=&#8220;post_content&#8220;][\/dnxte_logo_carousel_child][dnxte_logo_carousel_child logo_carousel_image=&#8220;https:\/\/www.schoonderwoerdvlees.nl\/wp-content\/uploads\/2025\/03\/Spring-Creek-logo.png&#8220; logo_carousel_width=&#8220;60%&#8220; _builder_version=&#8220;4.27.3&#8243; _module_preset=&#8220;default&#8220; link_option_url=&#8220;\/partners\/spring-creek\/&#8220; global_colors_info=&#8220;{}&#8220; theme_builder_area=&#8220;post_content&#8220;][\/dnxte_logo_carousel_child][dnxte_logo_carousel_child logo_carousel_image=&#8220;https:\/\/www.schoonderwoerdvlees.nl\/wp-content\/uploads\/2025\/03\/Jacks-creek-logo.png&#8220; logo_carousel_width=&#8220;60%&#8220; _builder_version=&#8220;4.27.3&#8243; _module_preset=&#8220;default&#8220; link_option_url=&#8220;\/partners\/jacks-creek\/&#8220; global_colors_info=&#8220;{}&#8220; theme_builder_area=&#8220;post_content&#8220;][\/dnxte_logo_carousel_child][dnxte_logo_carousel_child logo_carousel_image=&#8220;https:\/\/www.schoonderwoerdvlees.nl\/wp-content\/uploads\/2025\/03\/Duncan-new-zealand-logo.png&#8220; logo_carousel_width=&#8220;60%&#8220; _builder_version=&#8220;4.27.3&#8243; _module_preset=&#8220;default&#8220; link_option_url=&#8220;\/partners\/duncan\/&#8220; global_colors_info=&#8220;{}&#8220; theme_builder_area=&#8220;post_content&#8220;][\/dnxte_logo_carousel_child][dnxte_logo_carousel_child logo_carousel_image=&#8220;https:\/\/www.schoonderwoerdvlees.nl\/wp-content\/uploads\/2025\/03\/Greenhill-logo.png&#8220; logo_carousel_width=&#8220;60%&#8220; _builder_version=&#8220;4.27.3&#8243; _module_preset=&#8220;default&#8220; link_option_url=&#8220;\/partners\/greenhill\/&#8220; global_colors_info=&#8220;{}&#8220; theme_builder_area=&#8220;post_content&#8220;][\/dnxte_logo_carousel_child][dnxte_logo_carousel_child logo_carousel_image=&#8220;https:\/\/www.schoonderwoerdvlees.nl\/wp-content\/uploads\/2025\/03\/Ocean-beef-logo.png&#8220; logo_carousel_width=&#8220;60%&#8220; _builder_version=&#8220;4.27.3&#8243; _module_preset=&#8220;default&#8220; link_option_url=&#8220;\/partners\/ocean-beef\/&#8220; global_colors_info=&#8220;{}&#8220; theme_builder_area=&#8220;post_content&#8220;][\/dnxte_logo_carousel_child][dnxte_logo_carousel_child logo_carousel_image=&#8220;https:\/\/www.schoonderwoerdvlees.nl\/wp-content\/uploads\/2025\/03\/Ovation-logo.png&#8220; logo_carousel_width=&#8220;60%&#8220; _builder_version=&#8220;4.27.3&#8243; _module_preset=&#8220;default&#8220; link_option_url=&#8220;\/partners\/ovation\/&#8220; global_colors_info=&#8220;{}&#8220; theme_builder_area=&#8220;post_content&#8220;][\/dnxte_logo_carousel_child][dnxte_logo_carousel_child logo_carousel_image=&#8220;https:\/\/www.schoonderwoerdvlees.nl\/wp-content\/uploads\/2025\/03\/Aberdeen-black-logo.png&#8220; logo_carousel_width=&#8220;60%&#8220; _builder_version=&#8220;4.27.3&#8243; _module_preset=&#8220;default&#8220; link_option_url=&#8220;\/partners\/aberdeen-black\/&#8220; global_colors_info=&#8220;{}&#8220; theme_builder_area=&#8220;post_content&#8220;][\/dnxte_logo_carousel_child][dnxte_logo_carousel_child logo_carousel_image=&#8220;https:\/\/www.schoonderwoerdvlees.nl\/wp-content\/uploads\/2025\/03\/Greenlea-logo.png&#8220; logo_carousel_width=&#8220;60%&#8220; _builder_version=&#8220;4.27.3&#8243; _module_preset=&#8220;default&#8220; link_option_url=&#8220;\/partners\/greenlea\/&#8220; global_colors_info=&#8220;{}&#8220; theme_builder_area=&#8220;post_content&#8220;][\/dnxte_logo_carousel_child][\/dnxte_logo_carousel_parent][\/et_pb_column][\/et_pb_row][\/et_pb_section]<\/p>\n","protected":false},"excerpt":{"rendered":"<p>Davmet, unverfa\u0308lschtes Neuseeland-Lamm, grasgefu\u0308ttertNeuseeland ist seit mehr als 100 Jahren die Heimat der besten Landwirtschaft der Welt. Fruchtbare Ebenen, ein gem\u00e4\u00dfigtes Klima und Generationen von engagierten Landwirten machen die Region zu einer Quelle nat\u00fcrlicher Nahrung. Davmet-Lamm ist die nat\u00fcrliche Erf\u00fcllung eines Versprechens, das mit den taufeuchten, weiten Wiesen Neuseelands beginnt und mit einem durchweg k\u00f6stlichen [&hellip;]<\/p>\n","protected":false},"author":9,"featured_media":3282,"parent":3629,"menu_order":0,"comment_status":"closed","ping_status":"closed","template":"","meta":{"_et_pb_use_builder":"on","_et_pb_old_content":"","_et_gb_content_width":"","_joinchat":[],"footnotes":""},"class_list":["post-3702","page","type-page","status-publish","has-post-thumbnail","hentry"],"yoast_head":"<!-- This site is optimized with the Yoast SEO plugin v27.2 - https:\/\/yoast.com\/product\/yoast-seo-wordpress\/ -->\n<title>Davmet | Unsere Partner | Schoonderwoerd Vlees<\/title>\n<meta name=\"description\" content=\"Davmet ist Neuseel\u00e4ndisches Lamm von perfekter Qualit\u00e4t. Lesen Sie hier mehr und entdecken Sie alles \u00fcber dieses Fleisch!\" \/>\n<meta name=\"robots\" content=\"index, follow, max-snippet:-1, max-image-preview:large, max-video-preview:-1\" \/>\n<link rel=\"canonical\" href=\"https:\/\/www.schoonderwoerdvlees.nl\/de\/partners\/davmet\/\" \/>\n<meta property=\"og:locale\" content=\"de_DE\" \/>\n<meta property=\"og:type\" content=\"article\" \/>\n<meta property=\"og:title\" content=\"Davmet | Unsere Partner | Schoonderwoerd Vlees\" \/>\n<meta property=\"og:description\" content=\"Davmet ist Neuseel\u00e4ndisches Lamm von perfekter Qualit\u00e4t. Lesen Sie hier mehr und entdecken Sie alles \u00fcber dieses Fleisch!\" \/>\n<meta property=\"og:url\" content=\"https:\/\/www.schoonderwoerdvlees.nl\/de\/partners\/davmet\/\" \/>\n<meta property=\"og:site_name\" content=\"Schoonderwoerd Vlees B.V. - Nieuw Zeeland Vlees\" \/>\n<meta property=\"article:modified_time\" content=\"2025-03-12T17:03:44+00:00\" \/>\n<meta property=\"og:image\" content=\"https:\/\/www.schoonderwoerdvlees.nl\/wp-content\/uploads\/2015\/05\/herkomst.jpg\" \/>\n\t<meta property=\"og:image:width\" content=\"2048\" \/>\n\t<meta property=\"og:image:height\" content=\"1366\" \/>\n\t<meta property=\"og:image:type\" content=\"image\/jpeg\" \/>\n<meta name=\"twitter:label1\" content=\"Gesch\u00e4tzte Lesezeit\" \/>\n\t<meta name=\"twitter:data1\" content=\"2\u00a0Minuten\" \/>\n<script type=\"application\/ld+json\" class=\"yoast-schema-graph\">{\"@context\":\"https:\/\/schema.org\",\"@graph\":[{\"@type\":\"WebPage\",\"@id\":\"https:\/\/www.schoonderwoerdvlees.nl\/de\/partners\/davmet\/\",\"url\":\"https:\/\/www.schoonderwoerdvlees.nl\/de\/partners\/davmet\/\",\"name\":\"Davmet | Unsere Partner | Schoonderwoerd Vlees\",\"isPartOf\":{\"@id\":\"https:\/\/www.schoonderwoerdvlees.nl\/de\/#website\"},\"primaryImageOfPage\":{\"@id\":\"https:\/\/www.schoonderwoerdvlees.nl\/de\/partners\/davmet\/#primaryimage\"},\"image\":{\"@id\":\"https:\/\/www.schoonderwoerdvlees.nl\/de\/partners\/davmet\/#primaryimage\"},\"thumbnailUrl\":\"https:\/\/www.schoonderwoerdvlees.nl\/wp-content\/uploads\/2015\/05\/herkomst.jpg\",\"datePublished\":\"2015-04-16T08:38:53+00:00\",\"dateModified\":\"2025-03-12T17:03:44+00:00\",\"description\":\"Davmet ist Neuseel\u00e4ndisches Lamm von perfekter Qualit\u00e4t. Lesen Sie hier mehr und entdecken Sie alles \u00fcber dieses Fleisch!\",\"breadcrumb\":{\"@id\":\"https:\/\/www.schoonderwoerdvlees.nl\/de\/partners\/davmet\/#breadcrumb\"},\"inLanguage\":\"de\",\"potentialAction\":[{\"@type\":\"ReadAction\",\"target\":[\"https:\/\/www.schoonderwoerdvlees.nl\/de\/partners\/davmet\/\"]}]},{\"@type\":\"ImageObject\",\"inLanguage\":\"de\",\"@id\":\"https:\/\/www.schoonderwoerdvlees.nl\/de\/partners\/davmet\/#primaryimage\",\"url\":\"https:\/\/www.schoonderwoerdvlees.nl\/wp-content\/uploads\/2015\/05\/herkomst.jpg\",\"contentUrl\":\"https:\/\/www.schoonderwoerdvlees.nl\/wp-content\/uploads\/2015\/05\/herkomst.jpg\",\"width\":2048,\"height\":1366},{\"@type\":\"BreadcrumbList\",\"@id\":\"https:\/\/www.schoonderwoerdvlees.nl\/de\/partners\/davmet\/#breadcrumb\",\"itemListElement\":[{\"@type\":\"ListItem\",\"position\":1,\"name\":\"Home\",\"item\":\"https:\/\/www.schoonderwoerdvlees.nl\/de\/\"},{\"@type\":\"ListItem\",\"position\":2,\"name\":\"Unsere Partners\",\"item\":\"https:\/\/www.schoonderwoerdvlees.nl\/de\/partners\/\"},{\"@type\":\"ListItem\",\"position\":3,\"name\":\"Davmet DE\"}]},{\"@type\":\"WebSite\",\"@id\":\"https:\/\/www.schoonderwoerdvlees.nl\/de\/#website\",\"url\":\"https:\/\/www.schoonderwoerdvlees.nl\/de\/\",\"name\":\"Schoonderwoerd Vlees B.V. - Nieuw Zeeland Vlees\",\"description\":\"Import en export van Nieuw-Zeelands en Australisch vlees\",\"publisher\":{\"@id\":\"https:\/\/www.schoonderwoerdvlees.nl\/de\/#organization\"},\"potentialAction\":[{\"@type\":\"SearchAction\",\"target\":{\"@type\":\"EntryPoint\",\"urlTemplate\":\"https:\/\/www.schoonderwoerdvlees.nl\/de\/?s={search_term_string}\"},\"query-input\":{\"@type\":\"PropertyValueSpecification\",\"valueRequired\":true,\"valueName\":\"search_term_string\"}}],\"inLanguage\":\"de\"},{\"@type\":\"Organization\",\"@id\":\"https:\/\/www.schoonderwoerdvlees.nl\/de\/#organization\",\"name\":\"Schoonderwoerd Vlees B.V.\",\"url\":\"https:\/\/www.schoonderwoerdvlees.nl\/de\/\",\"logo\":{\"@type\":\"ImageObject\",\"inLanguage\":\"de\",\"@id\":\"https:\/\/www.schoonderwoerdvlees.nl\/de\/#\/schema\/logo\/image\/\",\"url\":\"https:\/\/www.schoonderwoerdvlees.nl\/wp-content\/uploads\/2015\/04\/Schoonderwoerd-logo2x.png\",\"contentUrl\":\"https:\/\/www.schoonderwoerdvlees.nl\/wp-content\/uploads\/2015\/04\/Schoonderwoerd-logo2x.png\",\"width\":604,\"height\":104,\"caption\":\"Schoonderwoerd Vlees B.V.\"},\"image\":{\"@id\":\"https:\/\/www.schoonderwoerdvlees.nl\/de\/#\/schema\/logo\/image\/\"}}]}<\/script>\n<!-- \/ Yoast SEO plugin. -->","yoast_head_json":{"title":"Davmet | Unsere Partner | Schoonderwoerd Vlees","description":"Davmet ist Neuseel\u00e4ndisches Lamm von perfekter Qualit\u00e4t. Lesen Sie hier mehr und entdecken Sie alles \u00fcber dieses Fleisch!","robots":{"index":"index","follow":"follow","max-snippet":"max-snippet:-1","max-image-preview":"max-image-preview:large","max-video-preview":"max-video-preview:-1"},"canonical":"https:\/\/www.schoonderwoerdvlees.nl\/de\/partners\/davmet\/","og_locale":"de_DE","og_type":"article","og_title":"Davmet | Unsere Partner | Schoonderwoerd Vlees","og_description":"Davmet ist Neuseel\u00e4ndisches Lamm von perfekter Qualit\u00e4t. Lesen Sie hier mehr und entdecken Sie alles \u00fcber dieses Fleisch!","og_url":"https:\/\/www.schoonderwoerdvlees.nl\/de\/partners\/davmet\/","og_site_name":"Schoonderwoerd Vlees B.V. - Nieuw Zeeland Vlees","article_modified_time":"2025-03-12T17:03:44+00:00","og_image":[{"width":2048,"height":1366,"url":"https:\/\/www.schoonderwoerdvlees.nl\/wp-content\/uploads\/2015\/05\/herkomst.jpg","type":"image\/jpeg"}],"twitter_misc":{"Gesch\u00e4tzte Lesezeit":"2\u00a0Minuten"},"schema":{"@context":"https:\/\/schema.org","@graph":[{"@type":"WebPage","@id":"https:\/\/www.schoonderwoerdvlees.nl\/de\/partners\/davmet\/","url":"https:\/\/www.schoonderwoerdvlees.nl\/de\/partners\/davmet\/","name":"Davmet | Unsere Partner | Schoonderwoerd Vlees","isPartOf":{"@id":"https:\/\/www.schoonderwoerdvlees.nl\/de\/#website"},"primaryImageOfPage":{"@id":"https:\/\/www.schoonderwoerdvlees.nl\/de\/partners\/davmet\/#primaryimage"},"image":{"@id":"https:\/\/www.schoonderwoerdvlees.nl\/de\/partners\/davmet\/#primaryimage"},"thumbnailUrl":"https:\/\/www.schoonderwoerdvlees.nl\/wp-content\/uploads\/2015\/05\/herkomst.jpg","datePublished":"2015-04-16T08:38:53+00:00","dateModified":"2025-03-12T17:03:44+00:00","description":"Davmet ist Neuseel\u00e4ndisches Lamm von perfekter Qualit\u00e4t. Lesen Sie hier mehr und entdecken Sie alles \u00fcber dieses Fleisch!","breadcrumb":{"@id":"https:\/\/www.schoonderwoerdvlees.nl\/de\/partners\/davmet\/#breadcrumb"},"inLanguage":"de","potentialAction":[{"@type":"ReadAction","target":["https:\/\/www.schoonderwoerdvlees.nl\/de\/partners\/davmet\/"]}]},{"@type":"ImageObject","inLanguage":"de","@id":"https:\/\/www.schoonderwoerdvlees.nl\/de\/partners\/davmet\/#primaryimage","url":"https:\/\/www.schoonderwoerdvlees.nl\/wp-content\/uploads\/2015\/05\/herkomst.jpg","contentUrl":"https:\/\/www.schoonderwoerdvlees.nl\/wp-content\/uploads\/2015\/05\/herkomst.jpg","width":2048,"height":1366},{"@type":"BreadcrumbList","@id":"https:\/\/www.schoonderwoerdvlees.nl\/de\/partners\/davmet\/#breadcrumb","itemListElement":[{"@type":"ListItem","position":1,"name":"Home","item":"https:\/\/www.schoonderwoerdvlees.nl\/de\/"},{"@type":"ListItem","position":2,"name":"Unsere Partners","item":"https:\/\/www.schoonderwoerdvlees.nl\/de\/partners\/"},{"@type":"ListItem","position":3,"name":"Davmet DE"}]},{"@type":"WebSite","@id":"https:\/\/www.schoonderwoerdvlees.nl\/de\/#website","url":"https:\/\/www.schoonderwoerdvlees.nl\/de\/","name":"Schoonderwoerd Vlees B.V. - Nieuw Zeeland Vlees","description":"Import en export van Nieuw-Zeelands en Australisch vlees","publisher":{"@id":"https:\/\/www.schoonderwoerdvlees.nl\/de\/#organization"},"potentialAction":[{"@type":"SearchAction","target":{"@type":"EntryPoint","urlTemplate":"https:\/\/www.schoonderwoerdvlees.nl\/de\/?s={search_term_string}"},"query-input":{"@type":"PropertyValueSpecification","valueRequired":true,"valueName":"search_term_string"}}],"inLanguage":"de"},{"@type":"Organization","@id":"https:\/\/www.schoonderwoerdvlees.nl\/de\/#organization","name":"Schoonderwoerd Vlees B.V.","url":"https:\/\/www.schoonderwoerdvlees.nl\/de\/","logo":{"@type":"ImageObject","inLanguage":"de","@id":"https:\/\/www.schoonderwoerdvlees.nl\/de\/#\/schema\/logo\/image\/","url":"https:\/\/www.schoonderwoerdvlees.nl\/wp-content\/uploads\/2015\/04\/Schoonderwoerd-logo2x.png","contentUrl":"https:\/\/www.schoonderwoerdvlees.nl\/wp-content\/uploads\/2015\/04\/Schoonderwoerd-logo2x.png","width":604,"height":104,"caption":"Schoonderwoerd Vlees B.V."},"image":{"@id":"https:\/\/www.schoonderwoerdvlees.nl\/de\/#\/schema\/logo\/image\/"}}]}},"_links":{"self":[{"href":"https:\/\/www.schoonderwoerdvlees.nl\/de\/wp-json\/wp\/v2\/pages\/3702","targetHints":{"allow":["GET"]}}],"collection":[{"href":"https:\/\/www.schoonderwoerdvlees.nl\/de\/wp-json\/wp\/v2\/pages"}],"about":[{"href":"https:\/\/www.schoonderwoerdvlees.nl\/de\/wp-json\/wp\/v2\/types\/page"}],"author":[{"embeddable":true,"href":"https:\/\/www.schoonderwoerdvlees.nl\/de\/wp-json\/wp\/v2\/users\/9"}],"replies":[{"embeddable":true,"href":"https:\/\/www.schoonderwoerdvlees.nl\/de\/wp-json\/wp\/v2\/comments?post=3702"}],"version-history":[{"count":13,"href":"https:\/\/www.schoonderwoerdvlees.nl\/de\/wp-json\/wp\/v2\/pages\/3702\/revisions"}],"predecessor-version":[{"id":34878,"href":"https:\/\/www.schoonderwoerdvlees.nl\/de\/wp-json\/wp\/v2\/pages\/3702\/revisions\/34878"}],"up":[{"embeddable":true,"href":"https:\/\/www.schoonderwoerdvlees.nl\/de\/wp-json\/wp\/v2\/pages\/3629"}],"wp:featuredmedia":[{"embeddable":true,"href":"https:\/\/www.schoonderwoerdvlees.nl\/de\/wp-json\/wp\/v2\/media\/3282"}],"wp:attachment":[{"href":"https:\/\/www.schoonderwoerdvlees.nl\/de\/wp-json\/wp\/v2\/media?parent=3702"}],"curies":[{"name":"wp","href":"https:\/\/api.w.org\/{rel}","templated":true}]}}