{"id":32403,"date":"2024-08-05T13:01:24","date_gmt":"2024-08-05T11:01:24","guid":{"rendered":"https:\/\/www.schoonderwoerdvlees.nl\/esg-mvo\/"},"modified":"2025-03-12T13:20:18","modified_gmt":"2025-03-12T12:20:18","slug":"esg-mvo","status":"publish","type":"page","link":"https:\/\/www.schoonderwoerdvlees.nl\/de\/esg-mvo\/","title":{"rendered":"ESG\/MVO DE"},"content":{"rendered":"<p>[et_pb_section fb_built=&#8220;1&#8243; custom_padding_last_edited=&#8220;on|phone&#8220; _builder_version=&#8220;4.27.3&#8243; _module_preset=&#8220;default&#8220; background_image=&#8220;https:\/\/www.schoonderwoerdvlees.nl\/wp-content\/uploads\/2025\/03\/Schoonderwoerd-vlees-5-scaled.jpg&#8220; custom_padding=&#8220;7%||7%||true|false&#8220; custom_padding_tablet=&#8220;7%||7%||true|false&#8220; custom_padding_phone=&#8220;17%||17%||true|false&#8220; da_disable_devices=&#8220;off|off|off&#8220; global_colors_info=&#8220;{}&#8220; theme_builder_area=&#8220;post_content&#8220; da_is_popup=&#8220;off&#8220; da_exit_intent=&#8220;off&#8220; da_has_close=&#8220;on&#8220; da_alt_close=&#8220;off&#8220; da_dark_close=&#8220;off&#8220; da_not_modal=&#8220;on&#8220; da_is_singular=&#8220;off&#8220; da_with_loader=&#8220;off&#8220; da_has_shadow=&#8220;on&#8220;][et_pb_row _builder_version=&#8220;4.27.3&#8243; _module_preset=&#8220;default&#8220; global_colors_info=&#8220;{}&#8220; theme_builder_area=&#8220;post_content&#8220;][et_pb_column type=&#8220;4_4&#8243; _builder_version=&#8220;4.27.3&#8243; _module_preset=&#8220;default&#8220; global_colors_info=&#8220;{}&#8220; theme_builder_area=&#8220;post_content&#8220;][et_pb_text _builder_version=&#8220;4.27.3&#8243; _module_preset=&#8220;default&#8220; header_2_font=&#8220;Inter|800|||||||&#8220; header_2_text_align=&#8220;center&#8220; header_2_text_color=&#8220;gcid-7416f048-037c-4786-b1bd-2f55aefae895&#8243; header_2_font_size=&#8220;60px&#8220; header_2_font_size_tablet=&#8220;60px&#8220; header_2_font_size_phone=&#8220;36px&#8220; header_2_font_size_last_edited=&#8220;on|phone&#8220; global_colors_info=&#8220;{%22gcid-7416f048-037c-4786-b1bd-2f55aefae895%22:%91%22header_2_text_color%22%93}&#8220; theme_builder_area=&#8220;post_content&#8220;]<\/p>\n<h2>ESG\/MVO<\/h2>\n<p>[\/et_pb_text][\/et_pb_column][\/et_pb_row][\/et_pb_section][et_pb_section fb_built=&#8220;1&#8243; _builder_version=&#8220;4.27.3&#8243; _module_preset=&#8220;default&#8220; custom_padding=&#8220;||0px||false|false&#8220; da_disable_devices=&#8220;off|off|off&#8220; global_colors_info=&#8220;{}&#8220; theme_builder_area=&#8220;post_content&#8220; da_is_popup=&#8220;off&#8220; da_exit_intent=&#8220;off&#8220; da_has_close=&#8220;on&#8220; da_alt_close=&#8220;off&#8220; da_dark_close=&#8220;off&#8220; da_not_modal=&#8220;on&#8220; da_is_singular=&#8220;off&#8220; da_with_loader=&#8220;off&#8220; da_has_shadow=&#8220;on&#8220;][et_pb_row column_structure=&#8220;1_2,1_2&#8243; _builder_version=&#8220;4.27.3&#8243; _module_preset=&#8220;default&#8220; global_colors_info=&#8220;{}&#8220; theme_builder_area=&#8220;post_content&#8220;][et_pb_column type=&#8220;1_2&#8243; _builder_version=&#8220;4.27.3&#8243; _module_preset=&#8220;default&#8220; global_colors_info=&#8220;{}&#8220; theme_builder_area=&#8220;post_content&#8220;][et_pb_image src=&#8220;https:\/\/www.schoonderwoerdvlees.nl\/wp-content\/uploads\/2025\/03\/Schoonderwoerd-vlees-5-scaled.jpg&#8220; title_text=&#8220;Schoonderwoerd-vlees-5&#8243; show_in_lightbox=&#8220;on&#8220; _builder_version=&#8220;4.27.3&#8243; _module_preset=&#8220;default&#8220; border_radii=&#8220;on|5px|5px|5px|5px&#8220; global_colors_info=&#8220;{}&#8220; theme_builder_area=&#8220;post_content&#8220;][\/et_pb_image][\/et_pb_column][et_pb_column type=&#8220;1_2&#8243; _builder_version=&#8220;4.27.3&#8243; _module_preset=&#8220;default&#8220; custom_padding=&#8220;20px||||false|false&#8220; global_colors_info=&#8220;{}&#8220; theme_builder_area=&#8220;post_content&#8220;][et_pb_text _builder_version=&#8220;4.27.3&#8243; _module_preset=&#8220;default&#8220; header_3_font=&#8220;&#8211;et_global_heading_font|800|||||||&#8220; header_3_text_color=&#8220;gcid-34f3f4ea-7d86-4254-932b-6f13835475b6&#8243; header_3_font_size=&#8220;45px&#8220; custom_margin=&#8220;||18px|||&#8220; hover_enabled=&#8220;0&#8243; header_3_font_size_tablet=&#8220;45px&#8220; header_3_font_size_phone=&#8220;36px&#8220; header_3_font_size_last_edited=&#8220;on|phone&#8220; global_colors_info=&#8220;{%22gcid-34f3f4ea-7d86-4254-932b-6f13835475b6%22:%91%22header_3_text_color%22%93}&#8220; theme_builder_area=&#8220;post_content&#8220; sticky_enabled=&#8220;0&#8243;]<\/p>\n<h3>Umweltbereich<\/h3>\n<p>[\/et_pb_text][et_pb_text _builder_version=&#8220;4.27.3&#8243; _module_preset=&#8220;default&#8220; hover_enabled=&#8220;0&#8243; global_colors_info=&#8220;{}&#8220; theme_builder_area=&#8220;post_content&#8220; sticky_enabled=&#8220;0&#8243;]Bei Schoonderwoerd setzen wir auf Nachhaltigkeit. Indem wir unseren gesamten Prozess intern und an einem Standort durchf\u00fchren, streben wir nach dem k\u00fcrzesten und effizientesten Weg der Ausf\u00fchrung mit den geringsten CO2-Emissionen. Der gesamte Standort ist mit Sonnenkollektoren ausgestattet, und wir beziehen auch Strom aus gr\u00fcner Energieerzeugung, was zusammen eine j\u00e4hrliche Reduzierung von 416.000 Kilogramm CO2-Emissionen bewirkt.[\/et_pb_text][\/et_pb_column][\/et_pb_row][\/et_pb_section][et_pb_section fb_built=&#8220;1&#8243; _builder_version=&#8220;4.27.3&#8243; _module_preset=&#8220;default&#8220; background_enable_color=&#8220;off&#8220; custom_padding=&#8220;0px||||false|false&#8220; da_disable_devices=&#8220;off|off|off&#8220; global_colors_info=&#8220;{%22gcid-b5250c50-d713-44b2-8431-4377faace838%22:%91%22background_color%22%93}&#8220; theme_builder_area=&#8220;post_content&#8220; da_is_popup=&#8220;off&#8220; da_exit_intent=&#8220;off&#8220; da_has_close=&#8220;on&#8220; da_alt_close=&#8220;off&#8220; da_dark_close=&#8220;off&#8220; da_not_modal=&#8220;on&#8220; da_is_singular=&#8220;off&#8220; da_with_loader=&#8220;off&#8220; da_has_shadow=&#8220;on&#8220;][et_pb_row column_structure=&#8220;1_2,1_2&#8243; _builder_version=&#8220;4.27.3&#8243; _module_preset=&#8220;default&#8220; global_colors_info=&#8220;{}&#8220; theme_builder_area=&#8220;post_content&#8220;][et_pb_column type=&#8220;1_2&#8243; _builder_version=&#8220;4.27.3&#8243; _module_preset=&#8220;default&#8220; global_colors_info=&#8220;{}&#8220; theme_builder_area=&#8220;post_content&#8220;][et_pb_text _builder_version=&#8220;4.27.3&#8243; _module_preset=&#8220;default&#8220; header_3_font=&#8220;|800|||||||&#8220; header_3_text_color=&#8220;gcid-7416f048-037c-4786-b1bd-2f55aefae895&#8243; header_3_font_size=&#8220;45px&#8220; header_3_line_height=&#8220;1.4em&#8220; background_color=&#8220;gcid-b5250c50-d713-44b2-8431-4377faace838&#8243; custom_padding=&#8220;20px|20px|20px|20px|true|true&#8220; hover_enabled=&#8220;0&#8243; header_3_font_size_tablet=&#8220;45px&#8220; header_3_font_size_phone=&#8220;36px&#8220; header_3_font_size_last_edited=&#8220;on|phone&#8220; border_radii=&#8220;on|5px|5px|5px|5px&#8220; global_colors_info=&#8220;{%22gcid-7416f048-037c-4786-b1bd-2f55aefae895%22:%91%22header_3_text_color%22%93,%22gcid-b5250c50-d713-44b2-8431-4377faace838%22:%91%22background_color%22%93}&#8220; theme_builder_area=&#8220;post_content&#8220; sticky_enabled=&#8220;0&#8243;]<\/p>\n<h3>Soziales<\/h3>\n<p>Dazu geh\u00f6ren bei Schoonderwoerd in erster Linie das <strong>Familienunternehmen<\/strong>, die Flexibilit\u00e4t, die Leidenschaft f\u00fcr die Branche, die Kundenbeziehungen, aber auch das Arbeitsklima und die pers\u00f6nliche Entwicklung. Diese Facetten zusammen sorgen f\u00fcr das Wohlbefinden der Mitarbeiter, aber auch f\u00fcr Spa\u00df und pers\u00f6nliches Wachstum, das durch Innovation entsteht.<\/p>\n<p>[\/et_pb_text][et_pb_text _builder_version=&#8220;4.27.3&#8243; _module_preset=&#8220;default&#8220; header_3_font=&#8220;&#8211;et_global_heading_font|800|||||||&#8220; header_3_text_color=&#8220;gcid-34f3f4ea-7d86-4254-932b-6f13835475b6&#8243; header_3_font_size=&#8220;45px&#8220; custom_margin=&#8220;||10px||false|false&#8220; custom_padding=&#8220;||0px||false|false&#8220; header_3_font_size_tablet=&#8220;45px&#8220; header_3_font_size_phone=&#8220;36px&#8220; header_3_font_size_last_edited=&#8220;on|phone&#8220; global_colors_info=&#8220;{%22gcid-34f3f4ea-7d86-4254-932b-6f13835475b6%22:%91%22header_3_text_color%22%93}&#8220; theme_builder_area=&#8220;post_content&#8220;]<\/p>\n<h3>Governance<\/h3>\n<p>[\/et_pb_text][et_pb_text _builder_version=&#8220;4.27.3&#8243; _module_preset=&#8220;default&#8220; hover_enabled=&#8220;0&#8243; global_colors_info=&#8220;{}&#8220; theme_builder_area=&#8220;post_content&#8220; sticky_enabled=&#8220;0&#8243;]Governance ist ein Begriff, der verschiedene Aspekte innerhalb einer Organisation umfasst und sich mit der Leitung und Kontrolle einer Organisation sowie mit der Verantwortung und Kontrolle innerhalb einer Organisation befasst. Eine gute Governance erm\u00f6glicht es den Gesch\u00e4ftsf\u00fchrern, fundierte Entscheidungen zu treffen und die Vorschriften einzuhalten. Bei Schoonderwoerd besteht diese aus festen Gesellschaftern, die gemeinsam die gesamten Anteile innerhalb der Familie verwalten. Innerhalb von Schoonderwoerd gibt es keine gemeinsamen externen Interessen, sondern der Vorstand konzentriert sich voll und ganz auf das Unternehmen und damit auf dessen Leistung und Atmosph\u00e4re.[\/et_pb_text][\/et_pb_column][et_pb_column type=&#8220;1_2&#8243; _builder_version=&#8220;4.27.3&#8243; _module_preset=&#8220;default&#8220; global_colors_info=&#8220;{}&#8220; theme_builder_area=&#8220;post_content&#8220;][et_pb_image src=&#8220;https:\/\/www.schoonderwoerdvlees.nl\/wp-content\/uploads\/2024\/07\/EHW_2024_Social_posts_1080x1080px_Sfeerbeeld_B.jpg&#8220; title_text=&#8220;EHW_2024_Social_posts_1080x1080px_Sfeerbeeld_B&#8220; _builder_version=&#8220;4.27.3&#8243; _module_preset=&#8220;default&#8220; border_radii=&#8220;on|5px|5px|5px|5px&#8220; global_colors_info=&#8220;{}&#8220; theme_builder_area=&#8220;post_content&#8220;][\/et_pb_image][\/et_pb_column][\/et_pb_row][\/et_pb_section]<\/p>\n","protected":false},"excerpt":{"rendered":"<p>ESG\/MVOUmweltbereichBei Schoonderwoerd setzen wir auf Nachhaltigkeit. Indem wir unseren gesamten Prozess intern und an einem Standort durchf\u00fchren, streben wir nach dem k\u00fcrzesten und effizientesten Weg der Ausf\u00fchrung mit den geringsten CO2-Emissionen. Der gesamte Standort ist mit Sonnenkollektoren ausgestattet, und wir beziehen auch Strom aus gr\u00fcner Energieerzeugung, was zusammen eine j\u00e4hrliche Reduzierung von 416.000 Kilogramm CO2-Emissionen [&hellip;]<\/p>\n","protected":false},"author":33,"featured_media":4362,"parent":0,"menu_order":0,"comment_status":"closed","ping_status":"closed","template":"","meta":{"_et_pb_use_builder":"on","_et_pb_old_content":"","_et_gb_content_width":"","_joinchat":[],"footnotes":""},"class_list":["post-32403","page","type-page","status-publish","has-post-thumbnail","hentry"],"yoast_head":"<!-- This site is optimized with the Yoast SEO plugin v27.2 - https:\/\/yoast.com\/product\/yoast-seo-wordpress\/ -->\n<title>Kwaliteit &amp; Service | Schoonderwoerd Vlees<\/title>\n<meta name=\"description\" content=\"Bij Schoonderwoerd Vlees staan Kwaliteit &amp; Service hoog in het vaandel. Bekijk nu onze site en ontdek de mogelijkheden!\" \/>\n<meta name=\"robots\" content=\"index, follow, max-snippet:-1, max-image-preview:large, max-video-preview:-1\" \/>\n<link rel=\"canonical\" href=\"https:\/\/www.schoonderwoerdvlees.nl\/de\/esg-mvo\/\" \/>\n<meta property=\"og:locale\" content=\"de_DE\" \/>\n<meta property=\"og:type\" content=\"article\" \/>\n<meta property=\"og:title\" content=\"Kwaliteit &amp; Service | Schoonderwoerd Vlees\" \/>\n<meta property=\"og:description\" content=\"Bij Schoonderwoerd Vlees staan Kwaliteit &amp; Service hoog in het vaandel. Bekijk nu onze site en ontdek de mogelijkheden!\" \/>\n<meta property=\"og:url\" content=\"https:\/\/www.schoonderwoerdvlees.nl\/de\/esg-mvo\/\" \/>\n<meta property=\"og:site_name\" content=\"Schoonderwoerd Vlees B.V. - Nieuw Zeeland Vlees\" \/>\n<meta property=\"article:modified_time\" content=\"2025-03-12T12:20:18+00:00\" \/>\n<meta property=\"og:image\" content=\"https:\/\/www.schoonderwoerdvlees.nl\/wp-content\/uploads\/2015\/07\/schoonderwoerd-vlees-kwaliteit-en-service1.jpg\" \/>\n\t<meta property=\"og:image:width\" content=\"2048\" \/>\n\t<meta property=\"og:image:height\" content=\"1366\" \/>\n\t<meta property=\"og:image:type\" content=\"image\/jpeg\" \/>\n<meta name=\"twitter:label1\" content=\"Gesch\u00e4tzte Lesezeit\" \/>\n\t<meta name=\"twitter:data1\" content=\"2\u00a0Minuten\" \/>\n<script type=\"application\/ld+json\" class=\"yoast-schema-graph\">{\"@context\":\"https:\/\/schema.org\",\"@graph\":[{\"@type\":\"WebPage\",\"@id\":\"https:\/\/www.schoonderwoerdvlees.nl\/de\/esg-mvo\/\",\"url\":\"https:\/\/www.schoonderwoerdvlees.nl\/de\/esg-mvo\/\",\"name\":\"Kwaliteit & Service | Schoonderwoerd Vlees\",\"isPartOf\":{\"@id\":\"https:\/\/www.schoonderwoerdvlees.nl\/de\/#website\"},\"primaryImageOfPage\":{\"@id\":\"https:\/\/www.schoonderwoerdvlees.nl\/de\/esg-mvo\/#primaryimage\"},\"image\":{\"@id\":\"https:\/\/www.schoonderwoerdvlees.nl\/de\/esg-mvo\/#primaryimage\"},\"thumbnailUrl\":\"https:\/\/www.schoonderwoerdvlees.nl\/wp-content\/uploads\/2015\/07\/schoonderwoerd-vlees-kwaliteit-en-service1.jpg\",\"datePublished\":\"2024-08-05T11:01:24+00:00\",\"dateModified\":\"2025-03-12T12:20:18+00:00\",\"description\":\"Bij Schoonderwoerd Vlees staan Kwaliteit & Service hoog in het vaandel. Bekijk nu onze site en ontdek de mogelijkheden!\",\"breadcrumb\":{\"@id\":\"https:\/\/www.schoonderwoerdvlees.nl\/de\/esg-mvo\/#breadcrumb\"},\"inLanguage\":\"de\",\"potentialAction\":[{\"@type\":\"ReadAction\",\"target\":[\"https:\/\/www.schoonderwoerdvlees.nl\/de\/esg-mvo\/\"]}]},{\"@type\":\"ImageObject\",\"inLanguage\":\"de\",\"@id\":\"https:\/\/www.schoonderwoerdvlees.nl\/de\/esg-mvo\/#primaryimage\",\"url\":\"https:\/\/www.schoonderwoerdvlees.nl\/wp-content\/uploads\/2015\/07\/schoonderwoerd-vlees-kwaliteit-en-service1.jpg\",\"contentUrl\":\"https:\/\/www.schoonderwoerdvlees.nl\/wp-content\/uploads\/2015\/07\/schoonderwoerd-vlees-kwaliteit-en-service1.jpg\",\"width\":2048,\"height\":1366},{\"@type\":\"BreadcrumbList\",\"@id\":\"https:\/\/www.schoonderwoerdvlees.nl\/de\/esg-mvo\/#breadcrumb\",\"itemListElement\":[{\"@type\":\"ListItem\",\"position\":1,\"name\":\"Home\",\"item\":\"https:\/\/www.schoonderwoerdvlees.nl\/de\/\"},{\"@type\":\"ListItem\",\"position\":2,\"name\":\"ESG\/MVO DE\"}]},{\"@type\":\"WebSite\",\"@id\":\"https:\/\/www.schoonderwoerdvlees.nl\/de\/#website\",\"url\":\"https:\/\/www.schoonderwoerdvlees.nl\/de\/\",\"name\":\"Schoonderwoerd Vlees B.V. - Nieuw Zeeland Vlees\",\"description\":\"Import en export van Nieuw-Zeelands en Australisch vlees\",\"publisher\":{\"@id\":\"https:\/\/www.schoonderwoerdvlees.nl\/de\/#organization\"},\"potentialAction\":[{\"@type\":\"SearchAction\",\"target\":{\"@type\":\"EntryPoint\",\"urlTemplate\":\"https:\/\/www.schoonderwoerdvlees.nl\/de\/?s={search_term_string}\"},\"query-input\":{\"@type\":\"PropertyValueSpecification\",\"valueRequired\":true,\"valueName\":\"search_term_string\"}}],\"inLanguage\":\"de\"},{\"@type\":\"Organization\",\"@id\":\"https:\/\/www.schoonderwoerdvlees.nl\/de\/#organization\",\"name\":\"Schoonderwoerd Vlees B.V.\",\"url\":\"https:\/\/www.schoonderwoerdvlees.nl\/de\/\",\"logo\":{\"@type\":\"ImageObject\",\"inLanguage\":\"de\",\"@id\":\"https:\/\/www.schoonderwoerdvlees.nl\/de\/#\/schema\/logo\/image\/\",\"url\":\"https:\/\/www.schoonderwoerdvlees.nl\/wp-content\/uploads\/2015\/04\/Schoonderwoerd-logo2x.png\",\"contentUrl\":\"https:\/\/www.schoonderwoerdvlees.nl\/wp-content\/uploads\/2015\/04\/Schoonderwoerd-logo2x.png\",\"width\":604,\"height\":104,\"caption\":\"Schoonderwoerd Vlees B.V.\"},\"image\":{\"@id\":\"https:\/\/www.schoonderwoerdvlees.nl\/de\/#\/schema\/logo\/image\/\"}}]}<\/script>\n<!-- \/ Yoast SEO plugin. -->","yoast_head_json":{"title":"Kwaliteit & Service | Schoonderwoerd Vlees","description":"Bij Schoonderwoerd Vlees staan Kwaliteit & Service hoog in het vaandel. Bekijk nu onze site en ontdek de mogelijkheden!","robots":{"index":"index","follow":"follow","max-snippet":"max-snippet:-1","max-image-preview":"max-image-preview:large","max-video-preview":"max-video-preview:-1"},"canonical":"https:\/\/www.schoonderwoerdvlees.nl\/de\/esg-mvo\/","og_locale":"de_DE","og_type":"article","og_title":"Kwaliteit & Service | Schoonderwoerd Vlees","og_description":"Bij Schoonderwoerd Vlees staan Kwaliteit & Service hoog in het vaandel. Bekijk nu onze site en ontdek de mogelijkheden!","og_url":"https:\/\/www.schoonderwoerdvlees.nl\/de\/esg-mvo\/","og_site_name":"Schoonderwoerd Vlees B.V. - Nieuw Zeeland Vlees","article_modified_time":"2025-03-12T12:20:18+00:00","og_image":[{"width":2048,"height":1366,"url":"https:\/\/www.schoonderwoerdvlees.nl\/wp-content\/uploads\/2015\/07\/schoonderwoerd-vlees-kwaliteit-en-service1.jpg","type":"image\/jpeg"}],"twitter_misc":{"Gesch\u00e4tzte Lesezeit":"2\u00a0Minuten"},"schema":{"@context":"https:\/\/schema.org","@graph":[{"@type":"WebPage","@id":"https:\/\/www.schoonderwoerdvlees.nl\/de\/esg-mvo\/","url":"https:\/\/www.schoonderwoerdvlees.nl\/de\/esg-mvo\/","name":"Kwaliteit & Service | Schoonderwoerd Vlees","isPartOf":{"@id":"https:\/\/www.schoonderwoerdvlees.nl\/de\/#website"},"primaryImageOfPage":{"@id":"https:\/\/www.schoonderwoerdvlees.nl\/de\/esg-mvo\/#primaryimage"},"image":{"@id":"https:\/\/www.schoonderwoerdvlees.nl\/de\/esg-mvo\/#primaryimage"},"thumbnailUrl":"https:\/\/www.schoonderwoerdvlees.nl\/wp-content\/uploads\/2015\/07\/schoonderwoerd-vlees-kwaliteit-en-service1.jpg","datePublished":"2024-08-05T11:01:24+00:00","dateModified":"2025-03-12T12:20:18+00:00","description":"Bij Schoonderwoerd Vlees staan Kwaliteit & Service hoog in het vaandel. Bekijk nu onze site en ontdek de mogelijkheden!","breadcrumb":{"@id":"https:\/\/www.schoonderwoerdvlees.nl\/de\/esg-mvo\/#breadcrumb"},"inLanguage":"de","potentialAction":[{"@type":"ReadAction","target":["https:\/\/www.schoonderwoerdvlees.nl\/de\/esg-mvo\/"]}]},{"@type":"ImageObject","inLanguage":"de","@id":"https:\/\/www.schoonderwoerdvlees.nl\/de\/esg-mvo\/#primaryimage","url":"https:\/\/www.schoonderwoerdvlees.nl\/wp-content\/uploads\/2015\/07\/schoonderwoerd-vlees-kwaliteit-en-service1.jpg","contentUrl":"https:\/\/www.schoonderwoerdvlees.nl\/wp-content\/uploads\/2015\/07\/schoonderwoerd-vlees-kwaliteit-en-service1.jpg","width":2048,"height":1366},{"@type":"BreadcrumbList","@id":"https:\/\/www.schoonderwoerdvlees.nl\/de\/esg-mvo\/#breadcrumb","itemListElement":[{"@type":"ListItem","position":1,"name":"Home","item":"https:\/\/www.schoonderwoerdvlees.nl\/de\/"},{"@type":"ListItem","position":2,"name":"ESG\/MVO DE"}]},{"@type":"WebSite","@id":"https:\/\/www.schoonderwoerdvlees.nl\/de\/#website","url":"https:\/\/www.schoonderwoerdvlees.nl\/de\/","name":"Schoonderwoerd Vlees B.V. - Nieuw Zeeland Vlees","description":"Import en export van Nieuw-Zeelands en Australisch vlees","publisher":{"@id":"https:\/\/www.schoonderwoerdvlees.nl\/de\/#organization"},"potentialAction":[{"@type":"SearchAction","target":{"@type":"EntryPoint","urlTemplate":"https:\/\/www.schoonderwoerdvlees.nl\/de\/?s={search_term_string}"},"query-input":{"@type":"PropertyValueSpecification","valueRequired":true,"valueName":"search_term_string"}}],"inLanguage":"de"},{"@type":"Organization","@id":"https:\/\/www.schoonderwoerdvlees.nl\/de\/#organization","name":"Schoonderwoerd Vlees B.V.","url":"https:\/\/www.schoonderwoerdvlees.nl\/de\/","logo":{"@type":"ImageObject","inLanguage":"de","@id":"https:\/\/www.schoonderwoerdvlees.nl\/de\/#\/schema\/logo\/image\/","url":"https:\/\/www.schoonderwoerdvlees.nl\/wp-content\/uploads\/2015\/04\/Schoonderwoerd-logo2x.png","contentUrl":"https:\/\/www.schoonderwoerdvlees.nl\/wp-content\/uploads\/2015\/04\/Schoonderwoerd-logo2x.png","width":604,"height":104,"caption":"Schoonderwoerd Vlees B.V."},"image":{"@id":"https:\/\/www.schoonderwoerdvlees.nl\/de\/#\/schema\/logo\/image\/"}}]}},"_links":{"self":[{"href":"https:\/\/www.schoonderwoerdvlees.nl\/de\/wp-json\/wp\/v2\/pages\/32403","targetHints":{"allow":["GET"]}}],"collection":[{"href":"https:\/\/www.schoonderwoerdvlees.nl\/de\/wp-json\/wp\/v2\/pages"}],"about":[{"href":"https:\/\/www.schoonderwoerdvlees.nl\/de\/wp-json\/wp\/v2\/types\/page"}],"author":[{"embeddable":true,"href":"https:\/\/www.schoonderwoerdvlees.nl\/de\/wp-json\/wp\/v2\/users\/33"}],"replies":[{"embeddable":true,"href":"https:\/\/www.schoonderwoerdvlees.nl\/de\/wp-json\/wp\/v2\/comments?post=32403"}],"version-history":[{"count":4,"href":"https:\/\/www.schoonderwoerdvlees.nl\/de\/wp-json\/wp\/v2\/pages\/32403\/revisions"}],"predecessor-version":[{"id":34792,"href":"https:\/\/www.schoonderwoerdvlees.nl\/de\/wp-json\/wp\/v2\/pages\/32403\/revisions\/34792"}],"wp:featuredmedia":[{"embeddable":true,"href":"https:\/\/www.schoonderwoerdvlees.nl\/de\/wp-json\/wp\/v2\/media\/4362"}],"wp:attachment":[{"href":"https:\/\/www.schoonderwoerdvlees.nl\/de\/wp-json\/wp\/v2\/media?parent=32403"}],"curies":[{"name":"wp","href":"https:\/\/api.w.org\/{rel}","templated":true}]}}