{"id":2705,"date":"2015-04-03T08:48:54","date_gmt":"2015-04-03T07:48:54","guid":{"rendered":"https:\/\/www.schoonderwoerdvlees.nl\/distributie-2\/"},"modified":"2025-03-12T12:31:37","modified_gmt":"2025-03-12T11:31:37","slug":"vertrieb","status":"publish","type":"page","link":"https:\/\/www.schoonderwoerdvlees.nl\/de\/vertrieb\/","title":{"rendered":"Vertrieb"},"content":{"rendered":"<p>[et_pb_section fb_built=&#8220;1&#8243; custom_padding_last_edited=&#8220;on|phone&#8220; _builder_version=&#8220;4.27.3&#8243; _module_preset=&#8220;default&#8220; background_image=&#8220;https:\/\/www.schoonderwoerdvlees.nl\/wp-content\/uploads\/2024\/07\/Fotos-uitbereiding-2024-8.jpg&#8220; custom_padding=&#8220;7%||7%||true|false&#8220; custom_padding_tablet=&#8220;7%||7%||true|false&#8220; custom_padding_phone=&#8220;17%||17%||true|false&#8220; da_disable_devices=&#8220;off|off|off&#8220; global_colors_info=&#8220;{}&#8220; theme_builder_area=&#8220;post_content&#8220; da_is_popup=&#8220;off&#8220; da_exit_intent=&#8220;off&#8220; da_has_close=&#8220;on&#8220; da_alt_close=&#8220;off&#8220; da_dark_close=&#8220;off&#8220; da_not_modal=&#8220;on&#8220; da_is_singular=&#8220;off&#8220; da_with_loader=&#8220;off&#8220; da_has_shadow=&#8220;on&#8220;][et_pb_row _builder_version=&#8220;4.27.3&#8243; _module_preset=&#8220;default&#8220; global_colors_info=&#8220;{}&#8220; theme_builder_area=&#8220;post_content&#8220;][et_pb_column type=&#8220;4_4&#8243; _builder_version=&#8220;4.27.3&#8243; _module_preset=&#8220;default&#8220; global_colors_info=&#8220;{}&#8220; theme_builder_area=&#8220;post_content&#8220;][et_pb_text _builder_version=&#8220;4.27.3&#8243; _module_preset=&#8220;default&#8220; header_2_font=&#8220;Inter|800|||||||&#8220; header_2_text_align=&#8220;center&#8220; header_2_text_color=&#8220;#FFFFFF&#8220; header_2_font_size=&#8220;60px&#8220; hover_enabled=&#8220;0&#8243; header_2_font_size_tablet=&#8220;60px&#8220; header_2_font_size_phone=&#8220;36px&#8220; header_2_font_size_last_edited=&#8220;on|phone&#8220; global_colors_info=&#8220;{}&#8220; theme_builder_area=&#8220;post_content&#8220; sticky_enabled=&#8220;0&#8243;]<\/p>\n<h2>Vertrieb<\/h2>\n<p>[\/et_pb_text][\/et_pb_column][\/et_pb_row][\/et_pb_section][et_pb_section fb_built=&#8220;1&#8243; custom_padding_last_edited=&#8220;on|phone&#8220; _builder_version=&#8220;4.27.3&#8243; _module_preset=&#8220;default&#8220; custom_padding_tablet=&#8220;&#8220; custom_padding_phone=&#8220;0px||||false|false&#8220; da_disable_devices=&#8220;off|off|off&#8220; global_colors_info=&#8220;{}&#8220; theme_builder_area=&#8220;post_content&#8220; da_is_popup=&#8220;off&#8220; da_exit_intent=&#8220;off&#8220; da_has_close=&#8220;on&#8220; da_alt_close=&#8220;off&#8220; da_dark_close=&#8220;off&#8220; da_not_modal=&#8220;on&#8220; da_is_singular=&#8220;off&#8220; da_with_loader=&#8220;off&#8220; da_has_shadow=&#8220;on&#8220;][et_pb_row column_structure=&#8220;1_2,1_2&#8243; _builder_version=&#8220;4.27.3&#8243; _module_preset=&#8220;default&#8220; global_colors_info=&#8220;{}&#8220; theme_builder_area=&#8220;post_content&#8220;][et_pb_column type=&#8220;1_2&#8243; _builder_version=&#8220;4.27.3&#8243; _module_preset=&#8220;default&#8220; custom_padding=&#8220;22px||||false|false&#8220; global_colors_info=&#8220;{}&#8220; theme_builder_area=&#8220;post_content&#8220;][et_pb_text _builder_version=&#8220;4.27.3&#8243; _module_preset=&#8220;default&#8220; header_3_font=&#8220;&#8211;et_global_heading_font|800|||||||&#8220; header_3_text_color=&#8220;gcid-34f3f4ea-7d86-4254-932b-6f13835475b6&#8243; header_3_font_size=&#8220;45px&#8220; custom_margin=&#8220;||18px|||&#8220; hover_enabled=&#8220;0&#8243; header_3_font_size_tablet=&#8220;45px&#8220; header_3_font_size_phone=&#8220;36px&#8220; header_3_font_size_last_edited=&#8220;on|phone&#8220; global_colors_info=&#8220;{%22gcid-34f3f4ea-7d86-4254-932b-6f13835475b6%22:%91%22header_3_text_color%22%93}&#8220; theme_builder_area=&#8220;post_content&#8220; sticky_enabled=&#8220;0&#8243;]<\/p>\n<h3>Logistik<\/h3>\n<p>[\/et_pb_text][et_pb_text _builder_version=&#8220;4.27.3&#8243; _module_preset=&#8220;default&#8220; hover_enabled=&#8220;0&#8243; global_colors_info=&#8220;{}&#8220; theme_builder_area=&#8220;post_content&#8220; sticky_enabled=&#8220;0&#8243;]Um Vertrieb und Logistik k\u00fcmmern wir uns selbst, sodass wir immer ab Lager und bedarfsgerecht liefern k\u00f6nnen. Der s\u00e4mtliche Vorrat von Schoonderwoerd Vlees an sowohl Frischfleisch als auch Tiefk\u00fchlfleisch wird an ein und demselben Ort in Bilthoven gelagert. So kann den Kunden immer alles direkt und ab Lager geliefert werden. Ein gro\u00dfer Vorteil der Lagerhaltung an einem einzigen Ort ist, dass es bei der Lieferung von vorr\u00e4tigen Produkten nie zu Verz\u00f6gerungen kommt.<\/p>\n<p>Die Produkte werden in Bilthoven abgeladen, auf Qualit\u00e4t, Temperatur und Gewicht kontrolliert, gelagert und k\u00f6nnen von dort aus direkt weiterverladen werden. Indem wir auf diese Weise alles selbst managen, k\u00f6nnen wir den gesamten Prozess selbst unter Kontrolle halten und so die Wege bis zur Auslieferung m\u00f6glichst kurz halten.[\/et_pb_text][et_pb_image src=&#8220;https:\/\/www.schoonderwoerdvlees.nl\/wp-content\/uploads\/2024\/11\/Schoonderwoerd-vlees-bilthoven-5.jpg&#8220; title_text=&#8220;Schoonderwoerd-vlees-bilthoven-5&#8243; show_in_lightbox=&#8220;on&#8220; _builder_version=&#8220;4.27.3&#8243; _module_preset=&#8220;default&#8220; border_radii=&#8220;on|5px|5px|5px|5px&#8220; global_colors_info=&#8220;{}&#8220; theme_builder_area=&#8220;post_content&#8220;][\/et_pb_image][\/et_pb_column][et_pb_column type=&#8220;1_2&#8243; _builder_version=&#8220;4.27.3&#8243; _module_preset=&#8220;default&#8220; global_colors_info=&#8220;{}&#8220; theme_builder_area=&#8220;post_content&#8220;][et_pb_text _builder_version=&#8220;4.27.3&#8243; _module_preset=&#8220;default&#8220; header_3_font=&#8220;|800|||||||&#8220; header_3_text_color=&#8220;gcid-7416f048-037c-4786-b1bd-2f55aefae895&#8243; header_3_font_size=&#8220;45px&#8220; header_3_line_height=&#8220;1.4em&#8220; background_color=&#8220;gcid-b5250c50-d713-44b2-8431-4377faace838&#8243; custom_padding=&#8220;20px|20px|20px|20px|true|true&#8220; hover_enabled=&#8220;0&#8243; header_3_font_size_tablet=&#8220;45px&#8220; header_3_font_size_phone=&#8220;36px&#8220; header_3_font_size_last_edited=&#8220;on|phone&#8220; border_radii=&#8220;on|5px|5px|5px|5px&#8220; global_colors_info=&#8220;{%22gcid-7416f048-037c-4786-b1bd-2f55aefae895%22:%91%22header_3_text_color%22%93,%22gcid-b5250c50-d713-44b2-8431-4377faace838%22:%91%22background_color%22%93}&#8220; theme_builder_area=&#8220;post_content&#8220; sticky_enabled=&#8220;0&#8243;]<\/p>\n<h3>Lagerung<\/h3>\n<p>Durch die Investition in einen v\u00f6llig neuen Standort erf\u00fcllen wir die neuesten Vorschriften bez\u00fcglich des Imports und Exports von Frischfleisch und Tiefk\u00fchlfleisch. Der gesamte Prozess von der Eingangskontrolle \u00fcber die Lagerung bis zur Auslieferung wird in einem vollintegrierten Automatisierungssystem registriert. Au\u00dferdem erf\u00fcllen alle Lager- und Produktionsr\u00e4ume s\u00e4mtliche Anforderungen in Bezug auf die Lebensmittelsicherheit.<\/p>\n<p>Im Zuge der Investition in unseren neuen Standort haben wir uns f\u00fcr spezielle lebensmittelsichere Produktionsr\u00e4ume, T\u00fcren aus rostfreiem Stahl und Kollisionsschutzvorrichtungen entschieden und gleichzeitig auch in moderne Reinigungsmaschinen und Automatisierung investiert. So arbeiten wir den neuen Richtlinien entsprechend und sind wir bereit f\u00fcr die Zukunft.<\/p>\n<p>Alle Lager-, Produktions- und Verlader\u00e4ume sind klimatisiert, ihre Raumtemperatur wird st\u00e4ndig \u00fcberwacht und sie sind direkt mit einem Alarmsystem verbunden, das 24 Stunden am Tag \u00fcberwacht wird.[\/et_pb_text][et_pb_text _builder_version=&#8220;4.27.3&#8243; _module_preset=&#8220;default&#8220; header_3_font=&#8220;&#8211;et_global_heading_font|800|||||||&#8220; header_3_text_color=&#8220;gcid-34f3f4ea-7d86-4254-932b-6f13835475b6&#8243; header_3_font_size=&#8220;45px&#8220; custom_margin=&#8220;||10px||false|false&#8220; custom_padding=&#8220;||0px||false|false&#8220; header_3_font_size_tablet=&#8220;45px&#8220; header_3_font_size_phone=&#8220;36px&#8220; header_3_font_size_last_edited=&#8220;on|phone&#8220; global_colors_info=&#8220;{%22gcid-34f3f4ea-7d86-4254-932b-6f13835475b6%22:%91%22header_3_text_color%22%93}&#8220; theme_builder_area=&#8220;post_content&#8220;]<\/p>\n<h3>Transport<\/h3>\n<p>[\/et_pb_text][et_pb_text _builder_version=&#8220;4.27.3&#8243; _module_preset=&#8220;default&#8220; hover_enabled=&#8220;0&#8243; global_colors_info=&#8220;{}&#8220; theme_builder_area=&#8220;post_content&#8220; sticky_enabled=&#8220;0&#8243;]Mit unserem eigenen Fuhrpark regeln wir den Transport innerhalb der Benelux selbst. Dank unserer eigenen Fahrzeuge, die wir st\u00e4ndig in einwandfreiem Zustand halten, k\u00f6nnen wir unsere Kunden gleichzeitig sowohl mit Frischware als auch mit Tiefk\u00fchlware beliefern, denn da unsere Fahrzeuge mit Trennw\u00e4nden und doppelwandigen K\u00fchlbeh\u00e4ltern ausgestattet sind, k\u00f6nnen wir gek\u00fchlte und tiefgefrorene Produkte gleichzeitig in ein- und demselben Fahrzeug transportieren. All unsere Fahrzeuge sind mit unserem Ortungs- und Registrierungssystem verbunden, sodass wir immer einen \u00dcberblick \u00fcber unseren Transport haben. Au\u00dferhalb unseres normalen Liefergebiets setzen wir au\u00dferhalb der Benelux unsere zuverl\u00e4ssigen festen Spediteure ein.[\/et_pb_text][\/et_pb_column][\/et_pb_row][\/et_pb_section]<\/p>\n","protected":false},"excerpt":{"rendered":"<p>VertriebLogistikUm Vertrieb und Logistik k\u00fcmmern wir uns selbst, sodass wir immer ab Lager und bedarfsgerecht liefern k\u00f6nnen. Der s\u00e4mtliche Vorrat von Schoonderwoerd Vlees an sowohl Frischfleisch als auch Tiefk\u00fchlfleisch wird an ein und demselben Ort in Bilthoven gelagert. So kann den Kunden immer alles direkt und ab Lager geliefert werden. Ein gro\u00dfer Vorteil der Lagerhaltung [&hellip;]<\/p>\n","protected":false},"author":9,"featured_media":32252,"parent":0,"menu_order":0,"comment_status":"closed","ping_status":"closed","template":"","meta":{"_et_pb_use_builder":"on","_et_pb_old_content":"","_et_gb_content_width":"","_joinchat":[],"footnotes":""},"class_list":["post-2705","page","type-page","status-publish","has-post-thumbnail","hentry"],"yoast_head":"<!-- This site is optimized with the Yoast SEO plugin v27.2 - https:\/\/yoast.com\/product\/yoast-seo-wordpress\/ -->\n<title>Vertrieb | Transport | Schoonderwoerd Vlees<\/title>\n<meta name=\"robots\" content=\"index, follow, max-snippet:-1, max-image-preview:large, max-video-preview:-1\" \/>\n<link rel=\"canonical\" href=\"https:\/\/www.schoonderwoerdvlees.nl\/de\/vertrieb\/\" \/>\n<meta property=\"og:locale\" content=\"de_DE\" \/>\n<meta property=\"og:type\" content=\"article\" \/>\n<meta property=\"og:title\" content=\"Vertrieb | Transport | Schoonderwoerd Vlees\" \/>\n<meta property=\"og:description\" content=\"VertriebLogistikUm Vertrieb und Logistik k\u00fcmmern wir uns selbst, sodass wir immer ab Lager und bedarfsgerecht liefern k\u00f6nnen. Der s\u00e4mtliche Vorrat von Schoonderwoerd Vlees an sowohl Frischfleisch als auch Tiefk\u00fchlfleisch wird an ein und demselben Ort in Bilthoven gelagert. So kann den Kunden immer alles direkt und ab Lager geliefert werden. Ein gro\u00dfer Vorteil der Lagerhaltung [&hellip;]\" \/>\n<meta property=\"og:url\" content=\"https:\/\/www.schoonderwoerdvlees.nl\/de\/vertrieb\/\" \/>\n<meta property=\"og:site_name\" content=\"Schoonderwoerd Vlees B.V. - Nieuw Zeeland Vlees\" \/>\n<meta property=\"article:modified_time\" content=\"2025-03-12T11:31:37+00:00\" \/>\n<meta property=\"og:image\" content=\"https:\/\/www.schoonderwoerdvlees.nl\/wp-content\/uploads\/2024\/07\/Fotos-uitbereiding-2024-8.jpg\" \/>\n\t<meta property=\"og:image:width\" content=\"1920\" \/>\n\t<meta property=\"og:image:height\" content=\"1280\" \/>\n\t<meta property=\"og:image:type\" content=\"image\/jpeg\" \/>\n<meta name=\"twitter:label1\" content=\"Gesch\u00e4tzte Lesezeit\" \/>\n\t<meta name=\"twitter:data1\" content=\"3\u00a0Minuten\" \/>\n<script type=\"application\/ld+json\" class=\"yoast-schema-graph\">{\"@context\":\"https:\/\/schema.org\",\"@graph\":[{\"@type\":\"WebPage\",\"@id\":\"https:\/\/www.schoonderwoerdvlees.nl\/de\/vertrieb\/\",\"url\":\"https:\/\/www.schoonderwoerdvlees.nl\/de\/vertrieb\/\",\"name\":\"Vertrieb | Transport | Schoonderwoerd Vlees\",\"isPartOf\":{\"@id\":\"https:\/\/www.schoonderwoerdvlees.nl\/de\/#website\"},\"primaryImageOfPage\":{\"@id\":\"https:\/\/www.schoonderwoerdvlees.nl\/de\/vertrieb\/#primaryimage\"},\"image\":{\"@id\":\"https:\/\/www.schoonderwoerdvlees.nl\/de\/vertrieb\/#primaryimage\"},\"thumbnailUrl\":\"https:\/\/www.schoonderwoerdvlees.nl\/wp-content\/uploads\/2024\/07\/Fotos-uitbereiding-2024-8.jpg\",\"datePublished\":\"2015-04-03T07:48:54+00:00\",\"dateModified\":\"2025-03-12T11:31:37+00:00\",\"breadcrumb\":{\"@id\":\"https:\/\/www.schoonderwoerdvlees.nl\/de\/vertrieb\/#breadcrumb\"},\"inLanguage\":\"de\",\"potentialAction\":[{\"@type\":\"ReadAction\",\"target\":[\"https:\/\/www.schoonderwoerdvlees.nl\/de\/vertrieb\/\"]}]},{\"@type\":\"ImageObject\",\"inLanguage\":\"de\",\"@id\":\"https:\/\/www.schoonderwoerdvlees.nl\/de\/vertrieb\/#primaryimage\",\"url\":\"https:\/\/www.schoonderwoerdvlees.nl\/wp-content\/uploads\/2024\/07\/Fotos-uitbereiding-2024-8.jpg\",\"contentUrl\":\"https:\/\/www.schoonderwoerdvlees.nl\/wp-content\/uploads\/2024\/07\/Fotos-uitbereiding-2024-8.jpg\",\"width\":1920,\"height\":1280},{\"@type\":\"BreadcrumbList\",\"@id\":\"https:\/\/www.schoonderwoerdvlees.nl\/de\/vertrieb\/#breadcrumb\",\"itemListElement\":[{\"@type\":\"ListItem\",\"position\":1,\"name\":\"Home\",\"item\":\"https:\/\/www.schoonderwoerdvlees.nl\/de\/\"},{\"@type\":\"ListItem\",\"position\":2,\"name\":\"Vertrieb\"}]},{\"@type\":\"WebSite\",\"@id\":\"https:\/\/www.schoonderwoerdvlees.nl\/de\/#website\",\"url\":\"https:\/\/www.schoonderwoerdvlees.nl\/de\/\",\"name\":\"Schoonderwoerd Vlees B.V. - Nieuw Zeeland Vlees\",\"description\":\"Import en export van Nieuw-Zeelands en Australisch vlees\",\"publisher\":{\"@id\":\"https:\/\/www.schoonderwoerdvlees.nl\/de\/#organization\"},\"potentialAction\":[{\"@type\":\"SearchAction\",\"target\":{\"@type\":\"EntryPoint\",\"urlTemplate\":\"https:\/\/www.schoonderwoerdvlees.nl\/de\/?s={search_term_string}\"},\"query-input\":{\"@type\":\"PropertyValueSpecification\",\"valueRequired\":true,\"valueName\":\"search_term_string\"}}],\"inLanguage\":\"de\"},{\"@type\":\"Organization\",\"@id\":\"https:\/\/www.schoonderwoerdvlees.nl\/de\/#organization\",\"name\":\"Schoonderwoerd Vlees B.V.\",\"url\":\"https:\/\/www.schoonderwoerdvlees.nl\/de\/\",\"logo\":{\"@type\":\"ImageObject\",\"inLanguage\":\"de\",\"@id\":\"https:\/\/www.schoonderwoerdvlees.nl\/de\/#\/schema\/logo\/image\/\",\"url\":\"https:\/\/www.schoonderwoerdvlees.nl\/wp-content\/uploads\/2015\/04\/Schoonderwoerd-logo2x.png\",\"contentUrl\":\"https:\/\/www.schoonderwoerdvlees.nl\/wp-content\/uploads\/2015\/04\/Schoonderwoerd-logo2x.png\",\"width\":604,\"height\":104,\"caption\":\"Schoonderwoerd Vlees B.V.\"},\"image\":{\"@id\":\"https:\/\/www.schoonderwoerdvlees.nl\/de\/#\/schema\/logo\/image\/\"}}]}<\/script>\n<!-- \/ Yoast SEO plugin. -->","yoast_head_json":{"title":"Vertrieb | Transport | Schoonderwoerd Vlees","robots":{"index":"index","follow":"follow","max-snippet":"max-snippet:-1","max-image-preview":"max-image-preview:large","max-video-preview":"max-video-preview:-1"},"canonical":"https:\/\/www.schoonderwoerdvlees.nl\/de\/vertrieb\/","og_locale":"de_DE","og_type":"article","og_title":"Vertrieb | Transport | Schoonderwoerd Vlees","og_description":"VertriebLogistikUm Vertrieb und Logistik k\u00fcmmern wir uns selbst, sodass wir immer ab Lager und bedarfsgerecht liefern k\u00f6nnen. Der s\u00e4mtliche Vorrat von Schoonderwoerd Vlees an sowohl Frischfleisch als auch Tiefk\u00fchlfleisch wird an ein und demselben Ort in Bilthoven gelagert. So kann den Kunden immer alles direkt und ab Lager geliefert werden. Ein gro\u00dfer Vorteil der Lagerhaltung [&hellip;]","og_url":"https:\/\/www.schoonderwoerdvlees.nl\/de\/vertrieb\/","og_site_name":"Schoonderwoerd Vlees B.V. - Nieuw Zeeland Vlees","article_modified_time":"2025-03-12T11:31:37+00:00","og_image":[{"width":1920,"height":1280,"url":"https:\/\/www.schoonderwoerdvlees.nl\/wp-content\/uploads\/2024\/07\/Fotos-uitbereiding-2024-8.jpg","type":"image\/jpeg"}],"twitter_misc":{"Gesch\u00e4tzte Lesezeit":"3\u00a0Minuten"},"schema":{"@context":"https:\/\/schema.org","@graph":[{"@type":"WebPage","@id":"https:\/\/www.schoonderwoerdvlees.nl\/de\/vertrieb\/","url":"https:\/\/www.schoonderwoerdvlees.nl\/de\/vertrieb\/","name":"Vertrieb | Transport | Schoonderwoerd Vlees","isPartOf":{"@id":"https:\/\/www.schoonderwoerdvlees.nl\/de\/#website"},"primaryImageOfPage":{"@id":"https:\/\/www.schoonderwoerdvlees.nl\/de\/vertrieb\/#primaryimage"},"image":{"@id":"https:\/\/www.schoonderwoerdvlees.nl\/de\/vertrieb\/#primaryimage"},"thumbnailUrl":"https:\/\/www.schoonderwoerdvlees.nl\/wp-content\/uploads\/2024\/07\/Fotos-uitbereiding-2024-8.jpg","datePublished":"2015-04-03T07:48:54+00:00","dateModified":"2025-03-12T11:31:37+00:00","breadcrumb":{"@id":"https:\/\/www.schoonderwoerdvlees.nl\/de\/vertrieb\/#breadcrumb"},"inLanguage":"de","potentialAction":[{"@type":"ReadAction","target":["https:\/\/www.schoonderwoerdvlees.nl\/de\/vertrieb\/"]}]},{"@type":"ImageObject","inLanguage":"de","@id":"https:\/\/www.schoonderwoerdvlees.nl\/de\/vertrieb\/#primaryimage","url":"https:\/\/www.schoonderwoerdvlees.nl\/wp-content\/uploads\/2024\/07\/Fotos-uitbereiding-2024-8.jpg","contentUrl":"https:\/\/www.schoonderwoerdvlees.nl\/wp-content\/uploads\/2024\/07\/Fotos-uitbereiding-2024-8.jpg","width":1920,"height":1280},{"@type":"BreadcrumbList","@id":"https:\/\/www.schoonderwoerdvlees.nl\/de\/vertrieb\/#breadcrumb","itemListElement":[{"@type":"ListItem","position":1,"name":"Home","item":"https:\/\/www.schoonderwoerdvlees.nl\/de\/"},{"@type":"ListItem","position":2,"name":"Vertrieb"}]},{"@type":"WebSite","@id":"https:\/\/www.schoonderwoerdvlees.nl\/de\/#website","url":"https:\/\/www.schoonderwoerdvlees.nl\/de\/","name":"Schoonderwoerd Vlees B.V. - Nieuw Zeeland Vlees","description":"Import en export van Nieuw-Zeelands en Australisch vlees","publisher":{"@id":"https:\/\/www.schoonderwoerdvlees.nl\/de\/#organization"},"potentialAction":[{"@type":"SearchAction","target":{"@type":"EntryPoint","urlTemplate":"https:\/\/www.schoonderwoerdvlees.nl\/de\/?s={search_term_string}"},"query-input":{"@type":"PropertyValueSpecification","valueRequired":true,"valueName":"search_term_string"}}],"inLanguage":"de"},{"@type":"Organization","@id":"https:\/\/www.schoonderwoerdvlees.nl\/de\/#organization","name":"Schoonderwoerd Vlees B.V.","url":"https:\/\/www.schoonderwoerdvlees.nl\/de\/","logo":{"@type":"ImageObject","inLanguage":"de","@id":"https:\/\/www.schoonderwoerdvlees.nl\/de\/#\/schema\/logo\/image\/","url":"https:\/\/www.schoonderwoerdvlees.nl\/wp-content\/uploads\/2015\/04\/Schoonderwoerd-logo2x.png","contentUrl":"https:\/\/www.schoonderwoerdvlees.nl\/wp-content\/uploads\/2015\/04\/Schoonderwoerd-logo2x.png","width":604,"height":104,"caption":"Schoonderwoerd Vlees B.V."},"image":{"@id":"https:\/\/www.schoonderwoerdvlees.nl\/de\/#\/schema\/logo\/image\/"}}]}},"_links":{"self":[{"href":"https:\/\/www.schoonderwoerdvlees.nl\/de\/wp-json\/wp\/v2\/pages\/2705","targetHints":{"allow":["GET"]}}],"collection":[{"href":"https:\/\/www.schoonderwoerdvlees.nl\/de\/wp-json\/wp\/v2\/pages"}],"about":[{"href":"https:\/\/www.schoonderwoerdvlees.nl\/de\/wp-json\/wp\/v2\/types\/page"}],"author":[{"embeddable":true,"href":"https:\/\/www.schoonderwoerdvlees.nl\/de\/wp-json\/wp\/v2\/users\/9"}],"replies":[{"embeddable":true,"href":"https:\/\/www.schoonderwoerdvlees.nl\/de\/wp-json\/wp\/v2\/comments?post=2705"}],"version-history":[{"count":5,"href":"https:\/\/www.schoonderwoerdvlees.nl\/de\/wp-json\/wp\/v2\/pages\/2705\/revisions"}],"predecessor-version":[{"id":34770,"href":"https:\/\/www.schoonderwoerdvlees.nl\/de\/wp-json\/wp\/v2\/pages\/2705\/revisions\/34770"}],"wp:featuredmedia":[{"embeddable":true,"href":"https:\/\/www.schoonderwoerdvlees.nl\/de\/wp-json\/wp\/v2\/media\/32252"}],"wp:attachment":[{"href":"https:\/\/www.schoonderwoerdvlees.nl\/de\/wp-json\/wp\/v2\/media?parent=2705"}],"curies":[{"name":"wp","href":"https:\/\/api.w.org\/{rel}","templated":true}]}}