{"id":2699,"date":"2015-04-03T08:47:49","date_gmt":"2015-04-03T07:47:49","guid":{"rendered":"https:\/\/www.schoonderwoerdvlees.nl\/kwaliteit-service-2\/"},"modified":"2026-03-24T09:46:14","modified_gmt":"2026-03-24T08:46:14","slug":"qualitat-service","status":"publish","type":"page","link":"https:\/\/www.schoonderwoerdvlees.nl\/de\/qualitat-service\/","title":{"rendered":"Qualit\u00e4t &#038; Service"},"content":{"rendered":"<p>[et_pb_section fb_built=&#8220;1&#8243; custom_padding_last_edited=&#8220;on|phone&#8220; _builder_version=&#8220;4.27.3&#8243; _module_preset=&#8220;default&#8220; use_background_color_gradient=&#8220;on&#8220; background_color_gradient_stops=&#8220;rgba(0,0,0,0.2) 0%|rgba(0,0,0,0.2) 100%&#8220; background_color_gradient_overlays_image=&#8220;on&#8220; background_image=&#8220;https:\/\/www.schoonderwoerdvlees.nl\/wp-content\/uploads\/2015\/05\/kwaliteit-en-service.jpg&#8220; custom_padding=&#8220;7%||7%||true|false&#8220; custom_padding_tablet=&#8220;7%||7%||true|false&#8220; custom_padding_phone=&#8220;17%||17%||true|false&#8220; da_disable_devices=&#8220;off|off|off&#8220; global_colors_info=&#8220;{}&#8220; da_is_popup=&#8220;off&#8220; da_exit_intent=&#8220;off&#8220; da_has_close=&#8220;on&#8220; da_alt_close=&#8220;off&#8220; da_dark_close=&#8220;off&#8220; da_not_modal=&#8220;on&#8220; da_is_singular=&#8220;off&#8220; da_with_loader=&#8220;off&#8220; da_has_shadow=&#8220;on&#8220;][et_pb_row _builder_version=&#8220;4.27.3&#8243; _module_preset=&#8220;default&#8220; global_colors_info=&#8220;{}&#8220;][et_pb_column type=&#8220;4_4&#8243; _builder_version=&#8220;4.27.3&#8243; _module_preset=&#8220;default&#8220; global_colors_info=&#8220;{}&#8220;][et_pb_text _builder_version=&#8220;4.27.3&#8243; _module_preset=&#8220;default&#8220; header_2_font=&#8220;Inter|800|||||||&#8220; header_2_text_align=&#8220;center&#8220; header_2_text_color=&#8220;#FFFFFF&#8220; header_2_font_size=&#8220;60px&#8220; header_2_text_color_tablet=&#8220;gcid-7416f048-037c-4786-b1bd-2f55aefae895&#8243; header_2_text_color_phone=&#8220;#FFFFFF&#8220; header_2_text_color_last_edited=&#8220;on|phone&#8220; header_2_font_size_tablet=&#8220;60px&#8220; header_2_font_size_phone=&#8220;36px&#8220; header_2_font_size_last_edited=&#8220;on|phone&#8220; global_colors_info=&#8220;{}&#8220;]<\/p>\n<h2>Qualit\u00e4t &#038; Service<\/h2>\n<p>[\/et_pb_text][\/et_pb_column][\/et_pb_row][\/et_pb_section][et_pb_section fb_built=&#8220;1&#8243; _builder_version=&#8220;4.27.3&#8243; _module_preset=&#8220;default&#8220; da_disable_devices=&#8220;off|off|off&#8220; global_colors_info=&#8220;{}&#8220; da_is_popup=&#8220;off&#8220; da_exit_intent=&#8220;off&#8220; da_has_close=&#8220;on&#8220; da_alt_close=&#8220;off&#8220; da_dark_close=&#8220;off&#8220; da_not_modal=&#8220;on&#8220; da_is_singular=&#8220;off&#8220; da_with_loader=&#8220;off&#8220; da_has_shadow=&#8220;on&#8220;][et_pb_row column_structure=&#8220;3_5,2_5&#8243; _builder_version=&#8220;4.27.3&#8243; _module_preset=&#8220;default&#8220; global_colors_info=&#8220;{}&#8220;][et_pb_column type=&#8220;3_5&#8243; _builder_version=&#8220;4.27.3&#8243; _module_preset=&#8220;default&#8220; global_colors_info=&#8220;{}&#8220;][et_pb_accordion open_toggle_text_color=&#8220;gcid-7416f048-037c-4786-b1bd-2f55aefae895&#8243; open_toggle_background_color=&#8220;gcid-b5250c50-d713-44b2-8431-4377faace838&#8243; closed_toggle_background_color=&#8220;gcid-34f3f4ea-7d86-4254-932b-6f13835475b6&#8243; icon_color=&#8220;gcid-7416f048-037c-4786-b1bd-2f55aefae895&#8243; _builder_version=&#8220;4.27.3&#8243; _module_preset=&#8220;default&#8220; toggle_text_color=&#8220;#FFFFFF&#8220; toggle_font_size=&#8220;21px&#8220; custom_padding=&#8220;15px||||false|false&#8220; border_radii=&#8220;on|5px|5px|5px|5px&#8220; global_colors_info=&#8220;{%22gcid-34f3f4ea-7d86-4254-932b-6f13835475b6%22:%91%22closed_toggle_background_color%22%93,%22gcid-b5250c50-d713-44b2-8431-4377faace838%22:%91%22open_toggle_background_color%22%93,%22gcid-7416f048-037c-4786-b1bd-2f55aefae895%22:%91%22open_toggle_text_color%22,%22icon_color%22%93}&#8220;][et_pb_accordion_item title=&#8220;UNSER SERVICE F\u00dcR SIE&#8220; open=&#8220;on&#8220; _builder_version=&#8220;4.27.3&#8243; _module_preset=&#8220;default&#8220; global_colors_info=&#8220;{}&#8220;]Bei Schoonderwoerd Vlees liegt der Schwerpunkt auf Service, und damit ist nicht nur der Service in Bezug auf die Belieferung des Kunden mit den Produkten gemeint, sondern auch alles drum herum, also die Vorratshaltung f\u00fcr die Kunden und die kundenorientierte Einstellung. Dank unserer Vorratshaltung k\u00f6nnen wir unsere Kunden immer optimal und bedarfsgerecht beliefern. Schoonderwoerd Vlees zeichnet sich durch die Lieferflexibilit\u00e4t, das Anbieten der gew\u00fcnschten Qualit\u00e4t und die Lieferung ab Lager zum gew\u00fcnschten Zeitpunkt aus, wodurch f\u00fcr die Kunden ein gro\u00dfer Teil der Aufgaben und Sorgen entf\u00e4llt. Davon profitieren letzten Endes die Kunden, die deshalb gerne mit uns als Partner zusammenarbeiten. Da wir uns selbst um den Transport innerhalb der Niederlande und Belgiens k\u00fcmmern, k\u00f6nnen wir den W\u00fcnschen der Kunden optimal entsprechen. F\u00fcr den Transport au\u00dferhalb der Beneluxregion arbeiten wir mit ausgew\u00e4hlten festen und zuverl\u00e4ssigen Partnern zusammen.[\/et_pb_accordion_item][et_pb_accordion_item title=&#8220;UNSERE QUALIT\u00c4TPR\u00dcFUNG&#8220; _builder_version=&#8220;4.27.3&#8243; _module_preset=&#8220;default&#8220; global_colors_info=&#8220;{}&#8220; open=&#8220;off&#8220;]Beim Eingang der Ware wird das Fleisch auf Qualit\u00e4t, Temperatur und Spezifikationen gem\u00e4\u00df der europ\u00e4ischen Qualit\u00e4tsnormen und der W\u00fcnsche des Kunden kontrolliert. Wir garantieren nicht nur die Qualit\u00e4t des Fleisches, sondern auch des gesamten Prozesses von Entladung, Lagerung, Umladung und Lieferung bis zum Kunden. Nach dem Umzug an einen v\u00f6llig neuen Standort haben wir in ein neues, zus\u00e4tzliches Automatisierungssystem investiert, mit dem alle Strichcodes per Karton eingescannt und ausgelesen werden. Dabei werden nicht nur die Nettogewichte registriert, sondern auch die exakten Spezifikationsnummern und Produktionsdaten aller Kartons, die an den Kunden geliefert werden. Alle ausgef\u00fchrten Handlungen werden mithilfe eines Handscanners von einem Mitarbeiter registriert. So wissen wir genau, welcher Karton aus welcher Charge geliefert wurde, um welche Lieferung es sich handelt und, was am wichtigsten ist, wer diese Handlung ausgef\u00fchrt hat. Dadurch, dass wir diesen Prozess intern vollst\u00e4ndig registrieren, k\u00f6nnen wir bei jeder Lieferung auf Wunsch Gewichtslisten und die entsprechenden Dokumente zur Verf\u00fcgung stellen, wie Gesundheitsbescheinigungen oder Halal-Bescheinigungen. Dank der vollst\u00e4ndigen Abwicklung und Registrierung dieses Prozesses k\u00f6nnen wir nicht nur f\u00fcr Rindfleisch die interne R\u00fcckverfolgbarkeit garantieren, sondern auch f\u00fcr Lamm-, Schafs- und Hirschfleisch. So garantieren wir unseren Gesch\u00e4ftspartnern, dass alle Prozesse kontrolliert werden und die Lebensmittelsicherheit gew\u00e4hrleistet ist.[\/et_pb_accordion_item][et_pb_accordion_item title=&#8220;IFS-KONZEPT&#8220; _builder_version=&#8220;4.27.3&#8243; _module_preset=&#8220;default&#8220; body_link_text_color=&#8220;gcid-7416f048-037c-4786-b1bd-2f55aefae895&#8243; global_colors_info=&#8220;{%22gcid-7416f048-037c-4786-b1bd-2f55aefae895%22:%91%22body_link_text_color%22%93}&#8220; open=&#8220;off&#8220;]<\/p>\n<p>Die Schoonderwoerd Vlees BV legt gro\u00dfen Wert auf eine hygienische und hochwertige Produktion, Lagerung und Handhabung des Fleisches. Die allgemeine Hygiene bei diesen Prozessen wird von der DNV kontrolliert und zertifiziert. All diese IFS-Normen entsprechen den neuesten EU-Gesetzen. <a href=\"https:\/\/www.schoonderwoerdvlees.nl\/wp-content\/uploads\/2025\/05\/Plant-IFS-Quality-certificatio-2025.pdf\" target=\"_blank\" rel=\"noopener\">Hier<\/a> k\u00f6nnen Sie unser IFS-Zertifikat herunterladen.<\/p>\n<p>[\/et_pb_accordion_item][et_pb_accordion_item title=&#8220;EG-NUMMER&#8220; _builder_version=&#8220;4.27.3&#8243; _module_preset=&#8220;default&#8220; global_colors_info=&#8220;{}&#8220; open=&#8220;off&#8220;]Die Schoonderwoerd Vlees BV verf\u00fcgt selbstverst\u00e4ndlich \u00fcber ihre eigene EG-Zulassung: Nederland EG 92. Mit dieser Nummer wird den Abnehmern unserer Fleischprodukte Qualit\u00e4t und Mehrwert gew\u00e4hrleistet.[\/et_pb_accordion_item][et_pb_accordion_item title=&#8220;HALAL-FLEISCH&#8220; _builder_version=&#8220;4.27.3&#8243; _module_preset=&#8220;default&#8220; global_colors_info=&#8220;{}&#8220; open=&#8220;off&#8220;]Mit der islamischen Bezeichnung \u201chalal\u201d wird angegeben, dass etwas f\u00fcr Moslems erlaubt ist. Wenn Fleisch \u201chalal\u201d ist, d\u00fcrfen Moslems es verzehren. Dabei kommt es nicht nur auf die Fleischsorte an, sondern auch auf die Schlachtweise. Die Tiere m\u00fcssen auf eine bestimmte Art und Weise geschlachtet sein. Daher k\u00f6nnen wir bei unseren Lieferungen auf Anfrage auch alle entsprechenden Halal-Bescheinigungen aush\u00e4ndigen.[\/et_pb_accordion_item][et_pb_accordion_item title=&#8220;QUALIT\u00c4TSSICHERUNG&#8220; _builder_version=&#8220;4.27.3&#8243; _module_preset=&#8220;default&#8220; global_colors_info=&#8220;{}&#8220; open=&#8220;off&#8220;]Unternehmen in der Lebensmittelbranche haben zu Recht hohe Erwartungen an ihre Zulieferer, wenn es um Unterst\u00fctzung bei der Kontrolle der Lebensmittelsicherheit und -qualit\u00e4t geht. Sie wollen Risiken eliminieren und ein effizientes und sicheres Produktionsverfahren anwenden. Unsere Produkte werden daher regelm\u00e4\u00dfig getestet und analysiert.<\/p>\n<p>Unser Partner ist ein f\u00fchrender Anbieter von Analyse-, Pr\u00fcf- und Beratungsdiensten. Ihre f\u00fchrende Position hat die Firma durch die Durchf\u00fchrung von zuverl\u00e4ssigen und eingehenden Laborpr\u00fcfungen, die erforderlichen Kenntnisse der Probenmatrizen und der M\u00f6glichkeiten und Grenzen der Analyseverfahren erreicht.[\/et_pb_accordion_item][\/et_pb_accordion][\/et_pb_column][et_pb_column type=&#8220;2_5&#8243; _builder_version=&#8220;4.27.3&#8243; _module_preset=&#8220;default&#8220; global_colors_info=&#8220;{}&#8220;][et_pb_image src=&#8220;https:\/\/www.schoonderwoerdvlees.nl\/wp-content\/uploads\/2026\/03\/Plant-IFS-Quality-certification-2026-scaled.jpg&#8220; title_text=&#8220;Plant-IFS-Quality-certification-2026&#8243; url=&#8220;\/Plant-IFS-Quality-certification-2026.pdf&#8220; url_new_window=&#8220;on&#8220; _builder_version=&#8220;4.27.3&#8243; _module_preset=&#8220;default&#8220; hover_enabled=&#8220;0&#8243; global_colors_info=&#8220;{}&#8220; sticky_enabled=&#8220;0&#8243;][\/et_pb_image][\/et_pb_column][\/et_pb_row][\/et_pb_section]<\/p>\n","protected":false},"excerpt":{"rendered":"<p>Qualit\u00e4t &#038; ServiceBei Schoonderwoerd Vlees liegt der Schwerpunkt auf Service, und damit ist nicht nur der Service in Bezug auf die Belieferung des Kunden mit den Produkten gemeint, sondern auch alles drum herum, also die Vorratshaltung f\u00fcr die Kunden und die kundenorientierte Einstellung. Dank unserer Vorratshaltung k\u00f6nnen wir unsere Kunden immer optimal und bedarfsgerecht beliefern. [&hellip;]<\/p>\n","protected":false},"author":9,"featured_media":4362,"parent":0,"menu_order":0,"comment_status":"closed","ping_status":"closed","template":"","meta":{"_et_pb_use_builder":"on","_et_pb_old_content":"","_et_gb_content_width":"","_joinchat":[],"footnotes":""},"class_list":["post-2699","page","type-page","status-publish","has-post-thumbnail","hentry"],"yoast_head":"<!-- This site is optimized with the Yoast SEO plugin v27.2 - https:\/\/yoast.com\/product\/yoast-seo-wordpress\/ -->\n<title>Qualit\u00e4t &amp; Service | Schoonderwoerd Vlees<\/title>\n<meta name=\"robots\" content=\"index, follow, max-snippet:-1, max-image-preview:large, max-video-preview:-1\" \/>\n<link rel=\"canonical\" href=\"https:\/\/www.schoonderwoerdvlees.nl\/de\/qualitat-service\/\" \/>\n<meta property=\"og:locale\" content=\"de_DE\" \/>\n<meta property=\"og:type\" content=\"article\" \/>\n<meta property=\"og:title\" content=\"Qualit\u00e4t &amp; Service | Schoonderwoerd Vlees\" \/>\n<meta property=\"og:description\" content=\"Qualit\u00e4t &amp; ServiceBei Schoonderwoerd Vlees liegt der Schwerpunkt auf Service, und damit ist nicht nur der Service in Bezug auf die Belieferung des Kunden mit den Produkten gemeint, sondern auch alles drum herum, also die Vorratshaltung f\u00fcr die Kunden und die kundenorientierte Einstellung. Dank unserer Vorratshaltung k\u00f6nnen wir unsere Kunden immer optimal und bedarfsgerecht beliefern. [&hellip;]\" \/>\n<meta property=\"og:url\" content=\"https:\/\/www.schoonderwoerdvlees.nl\/de\/qualitat-service\/\" \/>\n<meta property=\"og:site_name\" content=\"Schoonderwoerd Vlees B.V. - Nieuw Zeeland Vlees\" \/>\n<meta property=\"article:modified_time\" content=\"2026-03-24T08:46:14+00:00\" \/>\n<meta property=\"og:image\" content=\"https:\/\/www.schoonderwoerdvlees.nl\/wp-content\/uploads\/2015\/07\/schoonderwoerd-vlees-kwaliteit-en-service1.jpg\" \/>\n\t<meta property=\"og:image:width\" content=\"2048\" \/>\n\t<meta property=\"og:image:height\" content=\"1366\" \/>\n\t<meta property=\"og:image:type\" content=\"image\/jpeg\" \/>\n<meta name=\"twitter:label1\" content=\"Gesch\u00e4tzte Lesezeit\" \/>\n\t<meta name=\"twitter:data1\" content=\"4\u00a0Minuten\" \/>\n<script type=\"application\/ld+json\" class=\"yoast-schema-graph\">{\"@context\":\"https:\/\/schema.org\",\"@graph\":[{\"@type\":\"WebPage\",\"@id\":\"https:\/\/www.schoonderwoerdvlees.nl\/de\/qualitat-service\/\",\"url\":\"https:\/\/www.schoonderwoerdvlees.nl\/de\/qualitat-service\/\",\"name\":\"Qualit\u00e4t & Service | Schoonderwoerd Vlees\",\"isPartOf\":{\"@id\":\"https:\/\/www.schoonderwoerdvlees.nl\/de\/#website\"},\"primaryImageOfPage\":{\"@id\":\"https:\/\/www.schoonderwoerdvlees.nl\/de\/qualitat-service\/#primaryimage\"},\"image\":{\"@id\":\"https:\/\/www.schoonderwoerdvlees.nl\/de\/qualitat-service\/#primaryimage\"},\"thumbnailUrl\":\"https:\/\/www.schoonderwoerdvlees.nl\/wp-content\/uploads\/2015\/07\/schoonderwoerd-vlees-kwaliteit-en-service1.jpg\",\"datePublished\":\"2015-04-03T07:47:49+00:00\",\"dateModified\":\"2026-03-24T08:46:14+00:00\",\"breadcrumb\":{\"@id\":\"https:\/\/www.schoonderwoerdvlees.nl\/de\/qualitat-service\/#breadcrumb\"},\"inLanguage\":\"de\",\"potentialAction\":[{\"@type\":\"ReadAction\",\"target\":[\"https:\/\/www.schoonderwoerdvlees.nl\/de\/qualitat-service\/\"]}]},{\"@type\":\"ImageObject\",\"inLanguage\":\"de\",\"@id\":\"https:\/\/www.schoonderwoerdvlees.nl\/de\/qualitat-service\/#primaryimage\",\"url\":\"https:\/\/www.schoonderwoerdvlees.nl\/wp-content\/uploads\/2015\/07\/schoonderwoerd-vlees-kwaliteit-en-service1.jpg\",\"contentUrl\":\"https:\/\/www.schoonderwoerdvlees.nl\/wp-content\/uploads\/2015\/07\/schoonderwoerd-vlees-kwaliteit-en-service1.jpg\",\"width\":2048,\"height\":1366},{\"@type\":\"BreadcrumbList\",\"@id\":\"https:\/\/www.schoonderwoerdvlees.nl\/de\/qualitat-service\/#breadcrumb\",\"itemListElement\":[{\"@type\":\"ListItem\",\"position\":1,\"name\":\"Home\",\"item\":\"https:\/\/www.schoonderwoerdvlees.nl\/de\/\"},{\"@type\":\"ListItem\",\"position\":2,\"name\":\"Qualit\u00e4t &#038; Service\"}]},{\"@type\":\"WebSite\",\"@id\":\"https:\/\/www.schoonderwoerdvlees.nl\/de\/#website\",\"url\":\"https:\/\/www.schoonderwoerdvlees.nl\/de\/\",\"name\":\"Schoonderwoerd Vlees B.V. - Nieuw Zeeland Vlees\",\"description\":\"Import en export van Nieuw-Zeelands en Australisch vlees\",\"publisher\":{\"@id\":\"https:\/\/www.schoonderwoerdvlees.nl\/de\/#organization\"},\"potentialAction\":[{\"@type\":\"SearchAction\",\"target\":{\"@type\":\"EntryPoint\",\"urlTemplate\":\"https:\/\/www.schoonderwoerdvlees.nl\/de\/?s={search_term_string}\"},\"query-input\":{\"@type\":\"PropertyValueSpecification\",\"valueRequired\":true,\"valueName\":\"search_term_string\"}}],\"inLanguage\":\"de\"},{\"@type\":\"Organization\",\"@id\":\"https:\/\/www.schoonderwoerdvlees.nl\/de\/#organization\",\"name\":\"Schoonderwoerd Vlees B.V.\",\"url\":\"https:\/\/www.schoonderwoerdvlees.nl\/de\/\",\"logo\":{\"@type\":\"ImageObject\",\"inLanguage\":\"de\",\"@id\":\"https:\/\/www.schoonderwoerdvlees.nl\/de\/#\/schema\/logo\/image\/\",\"url\":\"https:\/\/www.schoonderwoerdvlees.nl\/wp-content\/uploads\/2015\/04\/Schoonderwoerd-logo2x.png\",\"contentUrl\":\"https:\/\/www.schoonderwoerdvlees.nl\/wp-content\/uploads\/2015\/04\/Schoonderwoerd-logo2x.png\",\"width\":604,\"height\":104,\"caption\":\"Schoonderwoerd Vlees B.V.\"},\"image\":{\"@id\":\"https:\/\/www.schoonderwoerdvlees.nl\/de\/#\/schema\/logo\/image\/\"}}]}<\/script>\n<!-- \/ Yoast SEO plugin. -->","yoast_head_json":{"title":"Qualit\u00e4t & Service | Schoonderwoerd Vlees","robots":{"index":"index","follow":"follow","max-snippet":"max-snippet:-1","max-image-preview":"max-image-preview:large","max-video-preview":"max-video-preview:-1"},"canonical":"https:\/\/www.schoonderwoerdvlees.nl\/de\/qualitat-service\/","og_locale":"de_DE","og_type":"article","og_title":"Qualit\u00e4t & Service | Schoonderwoerd Vlees","og_description":"Qualit\u00e4t & ServiceBei Schoonderwoerd Vlees liegt der Schwerpunkt auf Service, und damit ist nicht nur der Service in Bezug auf die Belieferung des Kunden mit den Produkten gemeint, sondern auch alles drum herum, also die Vorratshaltung f\u00fcr die Kunden und die kundenorientierte Einstellung. Dank unserer Vorratshaltung k\u00f6nnen wir unsere Kunden immer optimal und bedarfsgerecht beliefern. [&hellip;]","og_url":"https:\/\/www.schoonderwoerdvlees.nl\/de\/qualitat-service\/","og_site_name":"Schoonderwoerd Vlees B.V. - Nieuw Zeeland Vlees","article_modified_time":"2026-03-24T08:46:14+00:00","og_image":[{"width":2048,"height":1366,"url":"https:\/\/www.schoonderwoerdvlees.nl\/wp-content\/uploads\/2015\/07\/schoonderwoerd-vlees-kwaliteit-en-service1.jpg","type":"image\/jpeg"}],"twitter_misc":{"Gesch\u00e4tzte Lesezeit":"4\u00a0Minuten"},"schema":{"@context":"https:\/\/schema.org","@graph":[{"@type":"WebPage","@id":"https:\/\/www.schoonderwoerdvlees.nl\/de\/qualitat-service\/","url":"https:\/\/www.schoonderwoerdvlees.nl\/de\/qualitat-service\/","name":"Qualit\u00e4t & Service | Schoonderwoerd Vlees","isPartOf":{"@id":"https:\/\/www.schoonderwoerdvlees.nl\/de\/#website"},"primaryImageOfPage":{"@id":"https:\/\/www.schoonderwoerdvlees.nl\/de\/qualitat-service\/#primaryimage"},"image":{"@id":"https:\/\/www.schoonderwoerdvlees.nl\/de\/qualitat-service\/#primaryimage"},"thumbnailUrl":"https:\/\/www.schoonderwoerdvlees.nl\/wp-content\/uploads\/2015\/07\/schoonderwoerd-vlees-kwaliteit-en-service1.jpg","datePublished":"2015-04-03T07:47:49+00:00","dateModified":"2026-03-24T08:46:14+00:00","breadcrumb":{"@id":"https:\/\/www.schoonderwoerdvlees.nl\/de\/qualitat-service\/#breadcrumb"},"inLanguage":"de","potentialAction":[{"@type":"ReadAction","target":["https:\/\/www.schoonderwoerdvlees.nl\/de\/qualitat-service\/"]}]},{"@type":"ImageObject","inLanguage":"de","@id":"https:\/\/www.schoonderwoerdvlees.nl\/de\/qualitat-service\/#primaryimage","url":"https:\/\/www.schoonderwoerdvlees.nl\/wp-content\/uploads\/2015\/07\/schoonderwoerd-vlees-kwaliteit-en-service1.jpg","contentUrl":"https:\/\/www.schoonderwoerdvlees.nl\/wp-content\/uploads\/2015\/07\/schoonderwoerd-vlees-kwaliteit-en-service1.jpg","width":2048,"height":1366},{"@type":"BreadcrumbList","@id":"https:\/\/www.schoonderwoerdvlees.nl\/de\/qualitat-service\/#breadcrumb","itemListElement":[{"@type":"ListItem","position":1,"name":"Home","item":"https:\/\/www.schoonderwoerdvlees.nl\/de\/"},{"@type":"ListItem","position":2,"name":"Qualit\u00e4t &#038; Service"}]},{"@type":"WebSite","@id":"https:\/\/www.schoonderwoerdvlees.nl\/de\/#website","url":"https:\/\/www.schoonderwoerdvlees.nl\/de\/","name":"Schoonderwoerd Vlees B.V. - Nieuw Zeeland Vlees","description":"Import en export van Nieuw-Zeelands en Australisch vlees","publisher":{"@id":"https:\/\/www.schoonderwoerdvlees.nl\/de\/#organization"},"potentialAction":[{"@type":"SearchAction","target":{"@type":"EntryPoint","urlTemplate":"https:\/\/www.schoonderwoerdvlees.nl\/de\/?s={search_term_string}"},"query-input":{"@type":"PropertyValueSpecification","valueRequired":true,"valueName":"search_term_string"}}],"inLanguage":"de"},{"@type":"Organization","@id":"https:\/\/www.schoonderwoerdvlees.nl\/de\/#organization","name":"Schoonderwoerd Vlees B.V.","url":"https:\/\/www.schoonderwoerdvlees.nl\/de\/","logo":{"@type":"ImageObject","inLanguage":"de","@id":"https:\/\/www.schoonderwoerdvlees.nl\/de\/#\/schema\/logo\/image\/","url":"https:\/\/www.schoonderwoerdvlees.nl\/wp-content\/uploads\/2015\/04\/Schoonderwoerd-logo2x.png","contentUrl":"https:\/\/www.schoonderwoerdvlees.nl\/wp-content\/uploads\/2015\/04\/Schoonderwoerd-logo2x.png","width":604,"height":104,"caption":"Schoonderwoerd Vlees B.V."},"image":{"@id":"https:\/\/www.schoonderwoerdvlees.nl\/de\/#\/schema\/logo\/image\/"}}]}},"_links":{"self":[{"href":"https:\/\/www.schoonderwoerdvlees.nl\/de\/wp-json\/wp\/v2\/pages\/2699","targetHints":{"allow":["GET"]}}],"collection":[{"href":"https:\/\/www.schoonderwoerdvlees.nl\/de\/wp-json\/wp\/v2\/pages"}],"about":[{"href":"https:\/\/www.schoonderwoerdvlees.nl\/de\/wp-json\/wp\/v2\/types\/page"}],"author":[{"embeddable":true,"href":"https:\/\/www.schoonderwoerdvlees.nl\/de\/wp-json\/wp\/v2\/users\/9"}],"replies":[{"embeddable":true,"href":"https:\/\/www.schoonderwoerdvlees.nl\/de\/wp-json\/wp\/v2\/comments?post=2699"}],"version-history":[{"count":22,"href":"https:\/\/www.schoonderwoerdvlees.nl\/de\/wp-json\/wp\/v2\/pages\/2699\/revisions"}],"predecessor-version":[{"id":35971,"href":"https:\/\/www.schoonderwoerdvlees.nl\/de\/wp-json\/wp\/v2\/pages\/2699\/revisions\/35971"}],"wp:featuredmedia":[{"embeddable":true,"href":"https:\/\/www.schoonderwoerdvlees.nl\/de\/wp-json\/wp\/v2\/media\/4362"}],"wp:attachment":[{"href":"https:\/\/www.schoonderwoerdvlees.nl\/de\/wp-json\/wp\/v2\/media?parent=2699"}],"curies":[{"name":"wp","href":"https:\/\/api.w.org\/{rel}","templated":true}]}}