{"id":11168,"date":"2020-06-05T14:27:20","date_gmt":"2020-06-05T12:27:20","guid":{"rendered":"https:\/\/www.schoonderwoerdvlees.nl\/?page_id=11168"},"modified":"2025-03-13T12:38:48","modified_gmt":"2025-03-13T11:38:48","slug":"spring-creek","status":"publish","type":"page","link":"https:\/\/www.schoonderwoerdvlees.nl\/de\/partners\/spring-creek\/","title":{"rendered":"Spring Creek DE"},"content":{"rendered":"<p>[et_pb_section fb_built=&#8220;1&#8243; _builder_version=&#8220;4.27.3&#8243; _module_preset=&#8220;default&#8220; background_image=&#8220;https:\/\/www.schoonderwoerdvlees.nl\/wp-content\/uploads\/2020\/06\/Spring-Creek-achtergrond-reduced.jpg&#8220; da_disable_devices=&#8220;off|off|off&#8220; global_colors_info=&#8220;{}&#8220; theme_builder_area=&#8220;post_content&#8220; da_is_popup=&#8220;off&#8220; da_exit_intent=&#8220;off&#8220; da_has_close=&#8220;on&#8220; da_alt_close=&#8220;off&#8220; da_dark_close=&#8220;off&#8220; da_not_modal=&#8220;on&#8220; da_is_singular=&#8220;off&#8220; da_with_loader=&#8220;off&#8220; da_has_shadow=&#8220;on&#8220;][et_pb_row _builder_version=&#8220;4.27.3&#8243; _module_preset=&#8220;default&#8220; global_colors_info=&#8220;{}&#8220; theme_builder_area=&#8220;post_content&#8220;][et_pb_column type=&#8220;4_4&#8243; _builder_version=&#8220;4.27.3&#8243; _module_preset=&#8220;default&#8220; global_colors_info=&#8220;{}&#8220; theme_builder_area=&#8220;post_content&#8220;][et_pb_image src=&#8220;https:\/\/www.schoonderwoerdvlees.nl\/wp-content\/uploads\/2025\/03\/Spring-Creek-logo.png&#8220; title_text=&#8220;Spring-Creek-logo&#8220; align=&#8220;center&#8220; _builder_version=&#8220;4.27.3&#8243; _module_preset=&#8220;default&#8220; width=&#8220;30%&#8220; width_tablet=&#8220;30%&#8220; width_phone=&#8220;65%&#8220; width_last_edited=&#8220;on|phone&#8220; global_colors_info=&#8220;{}&#8220; theme_builder_area=&#8220;post_content&#8220;][\/et_pb_image][\/et_pb_column][\/et_pb_row][\/et_pb_section][et_pb_section fb_built=&#8220;1&#8243; _builder_version=&#8220;4.27.3&#8243; _module_preset=&#8220;default&#8220; background_color=&#8220;gcid-b5250c50-d713-44b2-8431-4377faace838&#8243; custom_padding=&#8220;30px||||false|false&#8220; da_disable_devices=&#8220;off|off|off&#8220; global_colors_info=&#8220;{%22gcid-b5250c50-d713-44b2-8431-4377faace838%22:%91%22background_color%22%93}&#8220; theme_builder_area=&#8220;post_content&#8220; da_is_popup=&#8220;off&#8220; da_exit_intent=&#8220;off&#8220; da_has_close=&#8220;on&#8220; da_alt_close=&#8220;off&#8220; da_dark_close=&#8220;off&#8220; da_not_modal=&#8220;on&#8220; da_is_singular=&#8220;off&#8220; da_with_loader=&#8220;off&#8220; da_has_shadow=&#8220;on&#8220;][et_pb_row column_structure=&#8220;2_5,3_5&#8243; _builder_version=&#8220;4.27.3&#8243; _module_preset=&#8220;default&#8220; global_colors_info=&#8220;{}&#8220; theme_builder_area=&#8220;post_content&#8220;][et_pb_column type=&#8220;2_5&#8243; _builder_version=&#8220;4.27.3&#8243; _module_preset=&#8220;default&#8220; custom_padding=&#8220;3%||||false|false&#8220; global_colors_info=&#8220;{}&#8220; theme_builder_area=&#8220;post_content&#8220;][et_pb_image src=&#8220;https:\/\/www.schoonderwoerdvlees.nl\/wp-content\/uploads\/2020\/06\/Spring-creek-folder-1.png&#8220; alt=&#8220;Spring-creek-folder&#8220; title_text=&#8220;Spring-creek-folder&#8220; url=&#8220;\/wp-content\/uploads\/2020\/05\/Spring-Creek.pdf&#8220; url_new_window=&#8220;on&#8220; align_tablet=&#8220;&#8220; align_phone=&#8220;center&#8220; align_last_edited=&#8220;on|phone&#8220; _builder_version=&#8220;4.27.3&#8243; _module_preset=&#8220;default&#8220; transform_rotate=&#8220;0deg|0deg|353deg&#8220; width=&#8220;70%&#8220; width_tablet=&#8220;70%&#8220; width_phone=&#8220;60%&#8220; width_last_edited=&#8220;on|phone&#8220; module_alignment=&#8220;center&#8220; box_shadow_style=&#8220;preset3&#8243; global_colors_info=&#8220;{}&#8220; theme_builder_area=&#8220;post_content&#8220;][\/et_pb_image][\/et_pb_column][et_pb_column type=&#8220;3_5&#8243; _builder_version=&#8220;4.27.3&#8243; _module_preset=&#8220;default&#8220; global_colors_info=&#8220;{}&#8220; theme_builder_area=&#8220;post_content&#8220;][et_pb_text _builder_version=&#8220;4.27.3&#8243; _module_preset=&#8220;default&#8220; header_2_text_align=&#8220;left&#8220; header_2_text_color=&#8220;gcid-7416f048-037c-4786-b1bd-2f55aefae895&#8243; header_2_font_size=&#8220;36px&#8220; header_2_line_height=&#8220;1.2em&#8220; custom_margin=&#8220;||13px|||&#8220; custom_padding_tablet=&#8220;&#8220; custom_padding_phone=&#8220;20px||||false|false&#8220; custom_padding_last_edited=&#8220;on|phone&#8220; header_2_font_size_tablet=&#8220;36px&#8220; header_2_font_size_phone=&#8220;30px&#8220; header_2_font_size_last_edited=&#8220;on|phone&#8220; global_colors_info=&#8220;{%22gcid-7416f048-037c-4786-b1bd-2f55aefae895%22:%91%22header_2_text_color%22%93}&#8220; theme_builder_area=&#8220;post_content&#8220;]<\/p>\n<h2>Spring Creek &#8211; Special Selection Canadian Beef<\/h2>\n<p>[\/et_pb_text][et_pb_text _builder_version=&#8220;4.27.3&#8243; _module_preset=&#8220;default&#8220; link_text_color=&#8220;gcid-7416f048-037c-4786-b1bd-2f55aefae895&#8243; hover_enabled=&#8220;0&#8243; global_colors_info=&#8220;{%22gcid-7416f048-037c-4786-b1bd-2f55aefae895%22:%91%22link_text_color%22%93}&#8220; theme_builder_area=&#8220;post_content&#8220; sticky_enabled=&#8220;0&#8243;]<\/p>\n<p><a href=\"https:\/\/www.canadaspringcreek.com\/\" target=\"_blank\" rel=\"noopener\">Spring Creek<\/a> ist kanadisches, maisgef\u00fcttertes Rindfleisch von Spitzenqualit\u00e4t. Das Fleisch stammt von Black Angus Rindern, die im Freiland auf Kanadas weitl\u00e4ufigen Weidel\u00e4ndern grasen, wo saubere Luft und frisches Trinkwasser im \u00dcberfluss vorhanden ist. Nach einer Zeit des freien Grasens werden die Tiere 120 Tage mit Mais gef\u00fcttert.<\/p>\n<p>Die Farmbetriebe, von denen das Rindfleisch stammt, sind vor allem Familienunternehmen. Auf diesen gro\u00dfen Ranches k\u00f6nnen die Tiere frei laufen. Das Vieh wird auf eine m\u00f6glichst gesunde und nachhaltige Weise aufgezogen. Indem man die Rinder rotierend grasen l\u00e4sst, bekommt das Weideland die M\u00f6glichkeit, sich zu regenerieren und der nat\u00fcrliche Zustand der Landschaft bleibt erhalten.<\/p>\n<p>Spring Creek Rindfleisch ist ein nat\u00fcrliches, ehrliches und einwandfreies Produkt. Das Fleisch ist frei von hinzugef\u00fcgten Hormonen. Wir bieten Verbrauchern ein Fleischprodukt, das zu ihren ethischen Werten passt. Spring Creek teilt diese Werte, gemeinsam mit den Farmern und Verbrauchern.<\/p>\n<p>[\/et_pb_text][\/et_pb_column][\/et_pb_row][\/et_pb_section][et_pb_section fb_built=&#8220;1&#8243; _builder_version=&#8220;4.27.3&#8243; _module_preset=&#8220;default&#8220; custom_padding=&#8220;30px||||false|false&#8220; da_disable_devices=&#8220;off|off|off&#8220; global_colors_info=&#8220;{}&#8220; global_module=&#8220;34869&#8243; theme_builder_area=&#8220;post_content&#8220; da_is_popup=&#8220;off&#8220; da_exit_intent=&#8220;off&#8220; da_has_close=&#8220;on&#8220; da_alt_close=&#8220;off&#8220; da_dark_close=&#8220;off&#8220; da_not_modal=&#8220;on&#8220; da_is_singular=&#8220;off&#8220; da_with_loader=&#8220;off&#8220; da_has_shadow=&#8220;on&#8220;][et_pb_row custom_padding_last_edited=&#8220;on|phone&#8220; _builder_version=&#8220;4.27.3&#8243; _module_preset=&#8220;default&#8220; max_width=&#8220;100%&#8220; custom_padding_tablet=&#8220;&#8220; custom_padding_phone=&#8220;||0px||false|false&#8220; global_colors_info=&#8220;{}&#8220; theme_builder_area=&#8220;post_content&#8220;][et_pb_column type=&#8220;4_4&#8243; _builder_version=&#8220;4.27.0&#8243; _module_preset=&#8220;default&#8220; global_colors_info=&#8220;{}&#8220; theme_builder_area=&#8220;post_content&#8220;][et_pb_text _builder_version=&#8220;4.27.0&#8243; _module_preset=&#8220;default&#8220; header_font=&#8220;Inter|800|||||||&#8220; header_text_color=&#8220;#FFFFFF&#8220; header_font_size=&#8220;48px&#8220; header_line_height=&#8220;1.2em&#8220; header_2_font=&#8220;Inter|800|||||||&#8220; header_2_text_align=&#8220;center&#8220; header_2_text_color=&#8220;gcid-34f3f4ea-7d86-4254-932b-6f13835475b6&#8243; header_2_font_size=&#8220;45px&#8220; header_2_line_height=&#8220;1.2em&#8220; custom_margin=&#8220;||17px|||&#8220; global_colors_info=&#8220;{%22gcid-34f3f4ea-7d86-4254-932b-6f13835475b6%22:%91%22header_2_text_color%22%93}&#8220; theme_builder_area=&#8220;post_content&#8220;]<\/p>\n<h2>Partners<\/h2>\n<p>[\/et_pb_text][\/et_pb_column][\/et_pb_row][et_pb_row _builder_version=&#8220;4.27.3&#8243; _module_preset=&#8220;default&#8220; max_width=&#8220;100%&#8220; global_colors_info=&#8220;{}&#8220; theme_builder_area=&#8220;post_content&#8220;][et_pb_column type=&#8220;4_4&#8243; _builder_version=&#8220;4.27.0&#8243; _module_preset=&#8220;default&#8220; global_colors_info=&#8220;{}&#8220; theme_builder_area=&#8220;post_content&#8220;][dnxte_logo_carousel_parent dnxt_carousel_loop=&#8220;on&#8220; dnxt_carousel_keyboard_enable=&#8220;off&#8220; dnxt_carousel_mousewheel_enable=&#8220;off&#8220; dnxt_carousel_pagination_type=&#8220;none&#8220; _builder_version=&#8220;4.27.3&#8243; _module_preset=&#8220;default&#8220; hover_enabled=&#8220;0&#8243; global_colors_info=&#8220;{}&#8220; theme_builder_area=&#8220;post_content&#8220; sticky_enabled=&#8220;0&#8243;][dnxte_logo_carousel_child logo_carousel_image=&#8220;https:\/\/www.schoonderwoerdvlees.nl\/wp-content\/uploads\/2025\/03\/Alliance-logo.png&#8220; logo_carousel_width=&#8220;60%&#8220; _builder_version=&#8220;4.27.3&#8243; _module_preset=&#8220;default&#8220; link_option_url=&#8220;\/de\/partners\/alliance\/&#8220; hover_enabled=&#8220;0&#8243; global_colors_info=&#8220;{}&#8220; theme_builder_area=&#8220;post_content&#8220; sticky_enabled=&#8220;0&#8243;][\/dnxte_logo_carousel_child][dnxte_logo_carousel_child logo_carousel_image=&#8220;https:\/\/www.schoonderwoerdvlees.nl\/wp-content\/uploads\/2025\/03\/Davmet-logo.png&#8220; logo_carousel_width=&#8220;60%&#8220; _builder_version=&#8220;4.27.3&#8243; _module_preset=&#8220;default&#8220; link_option_url=&#8220;\/de\/partners\/davmet\/&#8220; hover_enabled=&#8220;0&#8243; global_colors_info=&#8220;{}&#8220; theme_builder_area=&#8220;post_content&#8220; sticky_enabled=&#8220;0&#8243;][\/dnxte_logo_carousel_child][dnxte_logo_carousel_child logo_carousel_image=&#8220;https:\/\/www.schoonderwoerdvlees.nl\/wp-content\/uploads\/2025\/03\/Spring-Creek-logo.png&#8220; logo_carousel_width=&#8220;60%&#8220; _builder_version=&#8220;4.27.3&#8243; _module_preset=&#8220;default&#8220; link_option_url=&#8220;\/de\/partners\/spring-creek\/&#8220; hover_enabled=&#8220;0&#8243; global_colors_info=&#8220;{}&#8220; theme_builder_area=&#8220;post_content&#8220; sticky_enabled=&#8220;0&#8243;][\/dnxte_logo_carousel_child][dnxte_logo_carousel_child logo_carousel_image=&#8220;https:\/\/www.schoonderwoerdvlees.nl\/wp-content\/uploads\/2025\/03\/Jacks-creek-logo.png&#8220; logo_carousel_width=&#8220;60%&#8220; _builder_version=&#8220;4.27.3&#8243; _module_preset=&#8220;default&#8220; link_option_url=&#8220;\/de\/partners\/jacks-creek\/&#8220; hover_enabled=&#8220;0&#8243; global_colors_info=&#8220;{}&#8220; theme_builder_area=&#8220;post_content&#8220; sticky_enabled=&#8220;0&#8243;][\/dnxte_logo_carousel_child][dnxte_logo_carousel_child logo_carousel_image=&#8220;https:\/\/www.schoonderwoerdvlees.nl\/wp-content\/uploads\/2025\/03\/Duncan-new-zealand-logo.png&#8220; logo_carousel_width=&#8220;60%&#8220; _builder_version=&#8220;4.27.3&#8243; _module_preset=&#8220;default&#8220; link_option_url=&#8220;\/de\/partners\/duncan\/&#8220; hover_enabled=&#8220;0&#8243; global_colors_info=&#8220;{}&#8220; theme_builder_area=&#8220;post_content&#8220; sticky_enabled=&#8220;0&#8243;][\/dnxte_logo_carousel_child][dnxte_logo_carousel_child logo_carousel_image=&#8220;https:\/\/www.schoonderwoerdvlees.nl\/wp-content\/uploads\/2025\/03\/Greenhill-logo.png&#8220; logo_carousel_width=&#8220;60%&#8220; _builder_version=&#8220;4.27.3&#8243; _module_preset=&#8220;default&#8220; link_option_url=&#8220;\/de\/partners\/greenhill\/&#8220; hover_enabled=&#8220;0&#8243; global_colors_info=&#8220;{}&#8220; theme_builder_area=&#8220;post_content&#8220; sticky_enabled=&#8220;0&#8243;][\/dnxte_logo_carousel_child][dnxte_logo_carousel_child logo_carousel_image=&#8220;https:\/\/www.schoonderwoerdvlees.nl\/wp-content\/uploads\/2025\/03\/Ocean-beef-logo.png&#8220; logo_carousel_width=&#8220;60%&#8220; _builder_version=&#8220;4.27.3&#8243; _module_preset=&#8220;default&#8220; link_option_url=&#8220;\/de\/partners\/ocean-beef\/&#8220; hover_enabled=&#8220;0&#8243; global_colors_info=&#8220;{}&#8220; theme_builder_area=&#8220;post_content&#8220; sticky_enabled=&#8220;0&#8243;][\/dnxte_logo_carousel_child][dnxte_logo_carousel_child logo_carousel_image=&#8220;https:\/\/www.schoonderwoerdvlees.nl\/wp-content\/uploads\/2025\/03\/Ovation-logo.png&#8220; logo_carousel_width=&#8220;60%&#8220; _builder_version=&#8220;4.27.3&#8243; _module_preset=&#8220;default&#8220; link_option_url=&#8220;\/de\/partners\/ovation\/&#8220; hover_enabled=&#8220;0&#8243; global_colors_info=&#8220;{}&#8220; theme_builder_area=&#8220;post_content&#8220; sticky_enabled=&#8220;0&#8243;][\/dnxte_logo_carousel_child][dnxte_logo_carousel_child logo_carousel_image=&#8220;https:\/\/www.schoonderwoerdvlees.nl\/wp-content\/uploads\/2025\/03\/Aberdeen-black-logo.png&#8220; logo_carousel_width=&#8220;60%&#8220; _builder_version=&#8220;4.27.3&#8243; _module_preset=&#8220;default&#8220; link_option_url=&#8220;\/de\/partners\/aberdeen-black\/&#8220; hover_enabled=&#8220;0&#8243; global_colors_info=&#8220;{}&#8220; theme_builder_area=&#8220;post_content&#8220; sticky_enabled=&#8220;0&#8243;][\/dnxte_logo_carousel_child][dnxte_logo_carousel_child logo_carousel_image=&#8220;https:\/\/www.schoonderwoerdvlees.nl\/wp-content\/uploads\/2025\/03\/Greenlea-logo.png&#8220; logo_carousel_width=&#8220;60%&#8220; _builder_version=&#8220;4.27.3&#8243; _module_preset=&#8220;default&#8220; link_option_url=&#8220;\/de\/partners\/greenlea\/&#8220; hover_enabled=&#8220;0&#8243; global_colors_info=&#8220;{}&#8220; theme_builder_area=&#8220;post_content&#8220; sticky_enabled=&#8220;0&#8243;][\/dnxte_logo_carousel_child][\/dnxte_logo_carousel_parent][\/et_pb_column][\/et_pb_row][\/et_pb_section]<\/p>\n","protected":false},"excerpt":{"rendered":"<p>Spring Creek &#8211; Special Selection Canadian BeefSpring Creek ist kanadisches, maisgef\u00fcttertes Rindfleisch von Spitzenqualit\u00e4t. Das Fleisch stammt von Black Angus Rindern, die im Freiland auf Kanadas weitl\u00e4ufigen Weidel\u00e4ndern grasen, wo saubere Luft und frisches Trinkwasser im \u00dcberfluss vorhanden ist. Nach einer Zeit des freien Grasens werden die Tiere 120 Tage mit Mais gef\u00fcttert. Die Farmbetriebe, [&hellip;]<\/p>\n","protected":false},"author":22,"featured_media":11152,"parent":3629,"menu_order":0,"comment_status":"closed","ping_status":"closed","template":"","meta":{"_et_pb_use_builder":"on","_et_pb_old_content":"","_et_gb_content_width":"","_joinchat":[],"footnotes":""},"class_list":["post-11168","page","type-page","status-publish","has-post-thumbnail","hentry"],"yoast_head":"<!-- This site is optimized with the Yoast SEO plugin v27.2 - https:\/\/yoast.com\/product\/yoast-seo-wordpress\/ -->\n<title>Spring Creek - Unsere Partner | Schoonderwoerd Vlees<\/title>\n<meta name=\"description\" content=\"Spring Creek ist kanadisches Rindfleisch h\u00f6chster Qualit\u00e4t von Black-Angus-Rindern. Lesen Sie mehr \u00fcber dieses hochwertige Rindfleisch!\" \/>\n<meta name=\"robots\" content=\"index, follow, max-snippet:-1, max-image-preview:large, max-video-preview:-1\" \/>\n<link rel=\"canonical\" href=\"https:\/\/www.schoonderwoerdvlees.nl\/de\/partners\/spring-creek\/\" \/>\n<meta property=\"og:locale\" content=\"de_DE\" \/>\n<meta property=\"og:type\" content=\"article\" \/>\n<meta property=\"og:title\" content=\"Spring Creek - Unsere Partner | Schoonderwoerd Vlees\" \/>\n<meta property=\"og:description\" content=\"Spring Creek ist kanadisches Rindfleisch h\u00f6chster Qualit\u00e4t von Black-Angus-Rindern. Lesen Sie mehr \u00fcber dieses hochwertige Rindfleisch!\" \/>\n<meta property=\"og:url\" content=\"https:\/\/www.schoonderwoerdvlees.nl\/de\/partners\/spring-creek\/\" \/>\n<meta property=\"og:site_name\" content=\"Schoonderwoerd Vlees B.V. - Nieuw Zeeland Vlees\" \/>\n<meta property=\"article:modified_time\" content=\"2025-03-13T11:38:48+00:00\" \/>\n<meta property=\"og:image\" content=\"https:\/\/www.schoonderwoerdvlees.nl\/wp-content\/uploads\/2020\/06\/Spring-Creek-achtergrond-reduced.jpg\" \/>\n\t<meta property=\"og:image:width\" content=\"2025\" \/>\n\t<meta property=\"og:image:height\" content=\"1350\" \/>\n\t<meta property=\"og:image:type\" content=\"image\/jpeg\" \/>\n<meta name=\"twitter:label1\" content=\"Gesch\u00e4tzte Lesezeit\" \/>\n\t<meta name=\"twitter:data1\" content=\"2\u00a0Minuten\" \/>\n<script type=\"application\/ld+json\" class=\"yoast-schema-graph\">{\"@context\":\"https:\/\/schema.org\",\"@graph\":[{\"@type\":\"WebPage\",\"@id\":\"https:\/\/www.schoonderwoerdvlees.nl\/de\/partners\/spring-creek\/\",\"url\":\"https:\/\/www.schoonderwoerdvlees.nl\/de\/partners\/spring-creek\/\",\"name\":\"Spring Creek - Unsere Partner | Schoonderwoerd Vlees\",\"isPartOf\":{\"@id\":\"https:\/\/www.schoonderwoerdvlees.nl\/de\/#website\"},\"primaryImageOfPage\":{\"@id\":\"https:\/\/www.schoonderwoerdvlees.nl\/de\/partners\/spring-creek\/#primaryimage\"},\"image\":{\"@id\":\"https:\/\/www.schoonderwoerdvlees.nl\/de\/partners\/spring-creek\/#primaryimage\"},\"thumbnailUrl\":\"https:\/\/www.schoonderwoerdvlees.nl\/wp-content\/uploads\/2020\/06\/Spring-Creek-achtergrond-reduced.jpg\",\"datePublished\":\"2020-06-05T12:27:20+00:00\",\"dateModified\":\"2025-03-13T11:38:48+00:00\",\"description\":\"Spring Creek ist kanadisches Rindfleisch h\u00f6chster Qualit\u00e4t von Black-Angus-Rindern. Lesen Sie mehr \u00fcber dieses hochwertige Rindfleisch!\",\"breadcrumb\":{\"@id\":\"https:\/\/www.schoonderwoerdvlees.nl\/de\/partners\/spring-creek\/#breadcrumb\"},\"inLanguage\":\"de\",\"potentialAction\":[{\"@type\":\"ReadAction\",\"target\":[\"https:\/\/www.schoonderwoerdvlees.nl\/de\/partners\/spring-creek\/\"]}]},{\"@type\":\"ImageObject\",\"inLanguage\":\"de\",\"@id\":\"https:\/\/www.schoonderwoerdvlees.nl\/de\/partners\/spring-creek\/#primaryimage\",\"url\":\"https:\/\/www.schoonderwoerdvlees.nl\/wp-content\/uploads\/2020\/06\/Spring-Creek-achtergrond-reduced.jpg\",\"contentUrl\":\"https:\/\/www.schoonderwoerdvlees.nl\/wp-content\/uploads\/2020\/06\/Spring-Creek-achtergrond-reduced.jpg\",\"width\":2025,\"height\":1350,\"caption\":\"Spring Creek achtergrond\"},{\"@type\":\"BreadcrumbList\",\"@id\":\"https:\/\/www.schoonderwoerdvlees.nl\/de\/partners\/spring-creek\/#breadcrumb\",\"itemListElement\":[{\"@type\":\"ListItem\",\"position\":1,\"name\":\"Home\",\"item\":\"https:\/\/www.schoonderwoerdvlees.nl\/de\/\"},{\"@type\":\"ListItem\",\"position\":2,\"name\":\"Unsere Partners\",\"item\":\"https:\/\/www.schoonderwoerdvlees.nl\/de\/partners\/\"},{\"@type\":\"ListItem\",\"position\":3,\"name\":\"Spring Creek DE\"}]},{\"@type\":\"WebSite\",\"@id\":\"https:\/\/www.schoonderwoerdvlees.nl\/de\/#website\",\"url\":\"https:\/\/www.schoonderwoerdvlees.nl\/de\/\",\"name\":\"Schoonderwoerd Vlees B.V. - Nieuw Zeeland Vlees\",\"description\":\"Import en export van Nieuw-Zeelands en Australisch vlees\",\"publisher\":{\"@id\":\"https:\/\/www.schoonderwoerdvlees.nl\/de\/#organization\"},\"potentialAction\":[{\"@type\":\"SearchAction\",\"target\":{\"@type\":\"EntryPoint\",\"urlTemplate\":\"https:\/\/www.schoonderwoerdvlees.nl\/de\/?s={search_term_string}\"},\"query-input\":{\"@type\":\"PropertyValueSpecification\",\"valueRequired\":true,\"valueName\":\"search_term_string\"}}],\"inLanguage\":\"de\"},{\"@type\":\"Organization\",\"@id\":\"https:\/\/www.schoonderwoerdvlees.nl\/de\/#organization\",\"name\":\"Schoonderwoerd Vlees B.V.\",\"url\":\"https:\/\/www.schoonderwoerdvlees.nl\/de\/\",\"logo\":{\"@type\":\"ImageObject\",\"inLanguage\":\"de\",\"@id\":\"https:\/\/www.schoonderwoerdvlees.nl\/de\/#\/schema\/logo\/image\/\",\"url\":\"https:\/\/www.schoonderwoerdvlees.nl\/wp-content\/uploads\/2015\/04\/Schoonderwoerd-logo2x.png\",\"contentUrl\":\"https:\/\/www.schoonderwoerdvlees.nl\/wp-content\/uploads\/2015\/04\/Schoonderwoerd-logo2x.png\",\"width\":604,\"height\":104,\"caption\":\"Schoonderwoerd Vlees B.V.\"},\"image\":{\"@id\":\"https:\/\/www.schoonderwoerdvlees.nl\/de\/#\/schema\/logo\/image\/\"}}]}<\/script>\n<!-- \/ Yoast SEO plugin. -->","yoast_head_json":{"title":"Spring Creek - Unsere Partner | Schoonderwoerd Vlees","description":"Spring Creek ist kanadisches Rindfleisch h\u00f6chster Qualit\u00e4t von Black-Angus-Rindern. Lesen Sie mehr \u00fcber dieses hochwertige Rindfleisch!","robots":{"index":"index","follow":"follow","max-snippet":"max-snippet:-1","max-image-preview":"max-image-preview:large","max-video-preview":"max-video-preview:-1"},"canonical":"https:\/\/www.schoonderwoerdvlees.nl\/de\/partners\/spring-creek\/","og_locale":"de_DE","og_type":"article","og_title":"Spring Creek - Unsere Partner | Schoonderwoerd Vlees","og_description":"Spring Creek ist kanadisches Rindfleisch h\u00f6chster Qualit\u00e4t von Black-Angus-Rindern. Lesen Sie mehr \u00fcber dieses hochwertige Rindfleisch!","og_url":"https:\/\/www.schoonderwoerdvlees.nl\/de\/partners\/spring-creek\/","og_site_name":"Schoonderwoerd Vlees B.V. - Nieuw Zeeland Vlees","article_modified_time":"2025-03-13T11:38:48+00:00","og_image":[{"width":2025,"height":1350,"url":"https:\/\/www.schoonderwoerdvlees.nl\/wp-content\/uploads\/2020\/06\/Spring-Creek-achtergrond-reduced.jpg","type":"image\/jpeg"}],"twitter_misc":{"Gesch\u00e4tzte Lesezeit":"2\u00a0Minuten"},"schema":{"@context":"https:\/\/schema.org","@graph":[{"@type":"WebPage","@id":"https:\/\/www.schoonderwoerdvlees.nl\/de\/partners\/spring-creek\/","url":"https:\/\/www.schoonderwoerdvlees.nl\/de\/partners\/spring-creek\/","name":"Spring Creek - Unsere Partner | Schoonderwoerd Vlees","isPartOf":{"@id":"https:\/\/www.schoonderwoerdvlees.nl\/de\/#website"},"primaryImageOfPage":{"@id":"https:\/\/www.schoonderwoerdvlees.nl\/de\/partners\/spring-creek\/#primaryimage"},"image":{"@id":"https:\/\/www.schoonderwoerdvlees.nl\/de\/partners\/spring-creek\/#primaryimage"},"thumbnailUrl":"https:\/\/www.schoonderwoerdvlees.nl\/wp-content\/uploads\/2020\/06\/Spring-Creek-achtergrond-reduced.jpg","datePublished":"2020-06-05T12:27:20+00:00","dateModified":"2025-03-13T11:38:48+00:00","description":"Spring Creek ist kanadisches Rindfleisch h\u00f6chster Qualit\u00e4t von Black-Angus-Rindern. Lesen Sie mehr \u00fcber dieses hochwertige Rindfleisch!","breadcrumb":{"@id":"https:\/\/www.schoonderwoerdvlees.nl\/de\/partners\/spring-creek\/#breadcrumb"},"inLanguage":"de","potentialAction":[{"@type":"ReadAction","target":["https:\/\/www.schoonderwoerdvlees.nl\/de\/partners\/spring-creek\/"]}]},{"@type":"ImageObject","inLanguage":"de","@id":"https:\/\/www.schoonderwoerdvlees.nl\/de\/partners\/spring-creek\/#primaryimage","url":"https:\/\/www.schoonderwoerdvlees.nl\/wp-content\/uploads\/2020\/06\/Spring-Creek-achtergrond-reduced.jpg","contentUrl":"https:\/\/www.schoonderwoerdvlees.nl\/wp-content\/uploads\/2020\/06\/Spring-Creek-achtergrond-reduced.jpg","width":2025,"height":1350,"caption":"Spring Creek achtergrond"},{"@type":"BreadcrumbList","@id":"https:\/\/www.schoonderwoerdvlees.nl\/de\/partners\/spring-creek\/#breadcrumb","itemListElement":[{"@type":"ListItem","position":1,"name":"Home","item":"https:\/\/www.schoonderwoerdvlees.nl\/de\/"},{"@type":"ListItem","position":2,"name":"Unsere Partners","item":"https:\/\/www.schoonderwoerdvlees.nl\/de\/partners\/"},{"@type":"ListItem","position":3,"name":"Spring Creek DE"}]},{"@type":"WebSite","@id":"https:\/\/www.schoonderwoerdvlees.nl\/de\/#website","url":"https:\/\/www.schoonderwoerdvlees.nl\/de\/","name":"Schoonderwoerd Vlees B.V. - Nieuw Zeeland Vlees","description":"Import en export van Nieuw-Zeelands en Australisch vlees","publisher":{"@id":"https:\/\/www.schoonderwoerdvlees.nl\/de\/#organization"},"potentialAction":[{"@type":"SearchAction","target":{"@type":"EntryPoint","urlTemplate":"https:\/\/www.schoonderwoerdvlees.nl\/de\/?s={search_term_string}"},"query-input":{"@type":"PropertyValueSpecification","valueRequired":true,"valueName":"search_term_string"}}],"inLanguage":"de"},{"@type":"Organization","@id":"https:\/\/www.schoonderwoerdvlees.nl\/de\/#organization","name":"Schoonderwoerd Vlees B.V.","url":"https:\/\/www.schoonderwoerdvlees.nl\/de\/","logo":{"@type":"ImageObject","inLanguage":"de","@id":"https:\/\/www.schoonderwoerdvlees.nl\/de\/#\/schema\/logo\/image\/","url":"https:\/\/www.schoonderwoerdvlees.nl\/wp-content\/uploads\/2015\/04\/Schoonderwoerd-logo2x.png","contentUrl":"https:\/\/www.schoonderwoerdvlees.nl\/wp-content\/uploads\/2015\/04\/Schoonderwoerd-logo2x.png","width":604,"height":104,"caption":"Schoonderwoerd Vlees B.V."},"image":{"@id":"https:\/\/www.schoonderwoerdvlees.nl\/de\/#\/schema\/logo\/image\/"}}]}},"_links":{"self":[{"href":"https:\/\/www.schoonderwoerdvlees.nl\/de\/wp-json\/wp\/v2\/pages\/11168","targetHints":{"allow":["GET"]}}],"collection":[{"href":"https:\/\/www.schoonderwoerdvlees.nl\/de\/wp-json\/wp\/v2\/pages"}],"about":[{"href":"https:\/\/www.schoonderwoerdvlees.nl\/de\/wp-json\/wp\/v2\/types\/page"}],"author":[{"embeddable":true,"href":"https:\/\/www.schoonderwoerdvlees.nl\/de\/wp-json\/wp\/v2\/users\/22"}],"replies":[{"embeddable":true,"href":"https:\/\/www.schoonderwoerdvlees.nl\/de\/wp-json\/wp\/v2\/comments?post=11168"}],"version-history":[{"count":7,"href":"https:\/\/www.schoonderwoerdvlees.nl\/de\/wp-json\/wp\/v2\/pages\/11168\/revisions"}],"predecessor-version":[{"id":34904,"href":"https:\/\/www.schoonderwoerdvlees.nl\/de\/wp-json\/wp\/v2\/pages\/11168\/revisions\/34904"}],"up":[{"embeddable":true,"href":"https:\/\/www.schoonderwoerdvlees.nl\/de\/wp-json\/wp\/v2\/pages\/3629"}],"wp:featuredmedia":[{"embeddable":true,"href":"https:\/\/www.schoonderwoerdvlees.nl\/de\/wp-json\/wp\/v2\/media\/11152"}],"wp:attachment":[{"href":"https:\/\/www.schoonderwoerdvlees.nl\/de\/wp-json\/wp\/v2\/media?parent=11168"}],"curies":[{"name":"wp","href":"https:\/\/api.w.org\/{rel}","templated":true}]}}